{"id":447,"date":"2013-03-08T18:01:09","date_gmt":"2013-03-08T21:01:09","guid":{"rendered":"https:\/\/camiloaldaoweb.com.ar\/?page_id=447"},"modified":"2013-03-08T18:01:09","modified_gmt":"2013-03-08T21:01:09","slug":"centro-de-jubilados-y-pensionados-de-camilo-aldao","status":"publish","type":"page","link":"https:\/\/camiloaldaoweb.com.ar\/?page_id=447","title":{"rendered":"CENTRO DE JUBILADOS Y PENSIONADOS DE CAMILO ALDAO"},"content":{"rendered":"<table width=\"200\" border=\"0\" align=\"center\">\n<tbody>\n<tr>\n<td>\n<div align=\"center\"><script type=\"text\/javascript\">\/\/ <![CDATA[\ngoogle_ad_client = \"ca-pub-3325158522708718\"; \/* Banner corto para Liga Futbol arriba de pages *\/ google_ad_slot = \"5032083029\"; google_ad_width = 468; google_ad_height = 60;\n\/\/ ]]><\/script><br \/>\n<script type=\"text\/javascript\" src=\"http:\/\/pagead2.googlesyndication.com\/pagead\/show_ads.js\">\/\/ <![CDATA[\n\n\/\/ ]]><\/script>\n<\/div>\n<\/td>\n<\/tr>\n<\/tbody>\n<\/table>\n<p><img decoding=\"async\" class=\"decoded alignleft\" alt=\"http:\/\/ligafutboldelsur.com.ar\/DOSMILproducciones\/wp-content\/themes\/magazinum2\/scripts\/timthumb.php?src=http:\/\/www.camiloaldao.gov.ar\/imagenes-locales\/CentroJubilados-Chico.jpg&amp;w=225&amp;h=145&amp;zc=1\" src=\"http:\/\/ligafutboldelsur.com.ar\/DOSMILproducciones\/wp-content\/themes\/magazinum2\/scripts\/timthumb.php?src=http:\/\/www.camiloaldao.gov.ar\/imagenes-locales\/CentroJubilados-Chico.jpg&amp;w=225&amp;h=145&amp;zc=1\" \/><strong>Buenos Aires N\u00ba 1020 <\/strong><\/p>\n<p><strong>Tel. 03468 \u2013 401293 \/ 469994<\/strong><\/p>\n<p>El Acta N\u00ba 1 permite comprobar que la Instituci\u00f3n surge por la inquietud de un grupo de personas jubiladas y pensionadas del pueblo, que deseaban defender sus derechos y buscar modos de promoverse social y culturalmente.<br \/>\nLa primera Comisi\u00f3n estuvo presidida por don \u00c1ngel Paolini; vicepresidente, don Lindolfo Rojas; secretario, don Arm\u00edn Letcher; prosecretario, don Juan Capuccino; tesorero, don Higinio Ruffini; protesorero , Srta. Herminia Castagneto; vocales titulares: Miguel G de Cortassa, Mar\u00eda Teresa G. de Uranga, Severo Dom\u00ednguez, Eloy Iturre y Rogelio Coronel; vocales suplentes: Dominga Curlo, Jos\u00e9 Garassino, Domingo Almir\u00f3n, Isidoro P\u00e9rez y Delfo Sosa revisadotes de cuentas titulares: Alfredo Rubiolo, Pedro Sosa y Domingo Acastello; Revisadotes de cuentas suplentes: Yolanda O. de Valdettaro y Paula Bollati.<br \/>\nDos a\u00f1os despu\u00e9s de su fundaci\u00f3n, en 1974, adquiere Personer\u00eda Jur\u00eddica.<br \/>\nDesde sus inicios se reunieron en locales alquilados, hasta que el 15 de diciembre de 1985 se trasladan a su local propio ubicado en la calle Buenos Aires 1020.<br \/>\nLos presidentes del Centro de Jubilados y Pensionados de Camilo Aldao, desde su fundaci\u00f3n a la actualidad, fueron:<br \/>\n\u00c1ngel Paolini (1972 \u2013 1983)<br \/>\nAntonio Bisay (1983 \u2013 1984)<br \/>\nEmilio Font (1984 \u2013 1989)<br \/>\nRemedes Osenda (1989 \u2013 2005)<br \/>\nElso Gramaglia (2006 y contin\u00faa)<\/p>\n<p>La comisi\u00f3n actual es la siguiente:<br \/>\nPresidente: Elso Gramaglia<br \/>\nVicepresidente: Mar\u00eda Ang\u00e9lica Sbarbatti<br \/>\nSecretario: Mar\u00eda del Carmen Scalerandi<br \/>\nPro Secretario: Eddie Narvaja<br \/>\nTesorero: Nilda Vera<br \/>\nPro Tesorero: Norma Gago<br \/>\nVocales Titulares: Margarita Demarchi<br \/>\nRosemary Bandiera<br \/>\nJorge Ivanisevich<br \/>\nGladys Benedetto<br \/>\nLidia Lattanzi<br \/>\nVocales Suplentes: Susana Cortassa<br \/>\nElsa Cortassa<br \/>\nN\u00e9lida Cena<br \/>\nEsther Corsi<br \/>\nRevisadotes de Cuentas Titulares:<br \/>\nNorma Luna<br \/>\nSusana Manero<br \/>\nDuillo Gallar\u00e1<br \/>\nRevisadotes de Cuenta Suplentes:<br \/>\nElinor Ritta<br \/>\nH\u00e9ctor D\u00e1rdano<br \/>\nRosa Maccari<br \/>\nCuenta con 863 asociados, y presta los siguientes servicios:<br \/>\n&#8211; Expendio de recetarios de P.A.M.I.<br \/>\n&#8211; Enfermer\u00eda<br \/>\n&#8211; Pedicur\u00eda<br \/>\n&#8211; Clases de Yoga<br \/>\n&#8211; Asesoramiento y Tr\u00e1mites<br \/>\n&#8211; Asesoramiento Jur\u00eddico profesional<br \/>\n&#8211; Organizaci\u00f3n de comidas y reuniones sociales<br \/>\n&#8211; Organizaci\u00f3n de viajes de turismo<\/p>\n","protected":false},"excerpt":{"rendered":"<p>Buenos Aires N\u00ba 1020 Tel. 03468 \u2013 401293 \/ 469994 El Acta N\u00ba 1 permite comprobar que la Instituci\u00f3n surge por la inquietud de un grupo de personas jubiladas y pensionadas del pueblo, que deseaban defender sus derechos y buscar modos de promoverse social y culturalmente. La primera Comisi\u00f3n estuvo [&hellip;]<\/p>\n","protected":false},"author":1,"featured_media":0,"parent":0,"menu_order":0,"comment_status":"open","ping_status":"closed","template":"","meta":{"footnotes":""},"class_list":["post-447","page","type-page","status-publish","hentry"],"_links":{"self":[{"href":"https:\/\/camiloaldaoweb.com.ar\/index.php?rest_route=\/wp\/v2\/pages\/447","targetHints":{"allow":["GET"]}}],"collection":[{"href":"https:\/\/camiloaldaoweb.com.ar\/index.php?rest_route=\/wp\/v2\/pages"}],"about":[{"href":"https:\/\/camiloaldaoweb.com.ar\/index.php?rest_route=\/wp\/v2\/types\/page"}],"author":[{"embeddable":true,"href":"https:\/\/camiloaldaoweb.com.ar\/index.php?rest_route=\/wp\/v2\/users\/1"}],"replies":[{"embeddable":true,"href":"https:\/\/camiloaldaoweb.com.ar\/index.php?rest_route=%2Fwp%2Fv2%2Fcomments&post=447"}],"version-history":[{"count":1,"href":"https:\/\/camiloaldaoweb.com.ar\/index.php?rest_route=\/wp\/v2\/pages\/447\/revisions"}],"predecessor-version":[{"id":448,"href":"https:\/\/camiloaldaoweb.com.ar\/index.php?rest_route=\/wp\/v2\/pages\/447\/revisions\/448"}],"wp:attachment":[{"href":"https:\/\/camiloaldaoweb.com.ar\/index.php?rest_route=%2Fwp%2Fv2%2Fmedia&parent=447"}],"curies":[{"name":"wp","href":"https:\/\/api.w.org\/{rel}","templated":true}]}}