{"id":445,"date":"2013-03-08T17:57:50","date_gmt":"2013-03-08T20:57:50","guid":{"rendered":"https:\/\/camiloaldaoweb.com.ar\/?page_id=445"},"modified":"2013-03-08T17:57:50","modified_gmt":"2013-03-08T20:57:50","slug":"asociacion-de-bomberos-voluntarios-de-camilo-aldao","status":"publish","type":"page","link":"https:\/\/camiloaldaoweb.com.ar\/?page_id=445","title":{"rendered":"Asociacion de Bomberos Voluntarios de Camilo Aldao"},"content":{"rendered":"<p><img fetchpriority=\"high\" decoding=\"async\" class=\"decoded alignleft\" alt=\"http:\/\/api.ning.com\/files\/Ea8Oc6RUHEQWfhn-Hmt78sG3m-d1M074l*LP7XQufQz7-9wkJw-BxMw*8gML4n52q5CdtssAhhHtVRfp6FKQ4Bdii7H0FMwa\/100_0644.jpg?width=737&amp;height=325\" src=\"http:\/\/api.ning.com\/files\/Ea8Oc6RUHEQWfhn-Hmt78sG3m-d1M074l*LP7XQufQz7-9wkJw-BxMw*8gML4n52q5CdtssAhhHtVRfp6FKQ4Bdii7H0FMwa\/100_0644.jpg?width=737&amp;height=325\" width=\"343\" height=\"151\" \/><\/p>\n<table width=\"200\" border=\"0\" align=\"center\">\n<tbody>\n<tr>\n<td>\n<div align=\"center\">\n<script type=\"text\/javascript\" src=\"http:\/\/pagead2.googlesyndication.com\/pagead\/show_ads.js\">\/\/ <![CDATA[\n\n\/\/ ]]><\/script>\n<\/div>\n<\/td>\n<\/tr>\n<\/tbody>\n<\/table>\n<p>En 1982, a pesar de los casi 90 a\u00f1os de Camilo Aldao, el pueblo carec\u00eda de una instituci\u00f3n destinada a hacer frente a los siniestros provocados por la naturaleza, accidentes o descuidos del hombre.<br \/>\nEstas situaciones deb\u00edan ser cubiertas por el Cuerpo de bomberos Voluntarios de Corral de bustos, al que la Municipalidad local estaba obligada a entregar, por disposici\u00f3n Provincial, un porcentaje de las tasas de servicio.-<br \/>\nEl 27 de octubre de 1982, nace de una Asamblea Popular convocada por las Autoridades Municipales (el Intendente era el Sr. Guillermo Schuller), la ASOCIACI\u00d3N DE BOMBEROS VOLUNTARIOS DE CAMILO ALDAO.<br \/>\nLa primera Comisi\u00f3n Directiva se compon\u00eda de la siguiente manera:<\/p>\n<p>Presidente: R\u00f3mulo J. Tos\u00ed<br \/>\nVicepresidente: Jorge N. Manfredi<br \/>\nSecretario: Jos\u00e9 V. Bisay<br \/>\nProsecretario: Herme V. Rivero<br \/>\nTesorero: Miguel \u00c1ngel Tardella<br \/>\nProtesorero: Hugo Girotti<br \/>\nVocales Titulares: Ignacio A. Echaniz<br \/>\nAbel A. Ruggieri<br \/>\nSantiago M\u00fagica<br \/>\nJos\u00e9 Luis Brunori<br \/>\nVocales Suplentes: Eldo M. Bertoglio<br \/>\nAlfredo Gariglio<br \/>\nRevisores de cuentas: Hilario A. Veglio<br \/>\nHerminio Gallarato<br \/>\nEl primer cuartel funcion\u00f3 en el Corral\u00f3n Municipal y las reuniones de la Comisi\u00f3n Directiva y del Cuerpo Activo se realizaban en un amplio garaje cedido generosamente por la familia Gasparini.<br \/>\nLas primeras solicitudes recibidas para integrar el Cuerpo Activo fueron las de los se\u00f1ores Alfredo Gariglio, Eldo Bertoglio, Eugenio Gomez, Egidio Valdettaro y L. Romero. En diciembre de 1982 es designado Jefe del Cuerpo Activo, el Se\u00f1or Alfredo Gariglio.<br \/>\nLa primera actuaci\u00f3n tuvo lugar el 18 de marzo de 1983. Se trat\u00f3 del incendio de un cami\u00f3n en un camino rural. Para apagarlo debieron pedir prestado varios matafuegos, lo que lograron tras casi una hora de trabajo.<br \/>\nEl 13 de junio de 1983, la Inspecci\u00f3n de Personas Jur\u00eddicas otorga personer\u00eda jur\u00eddica por Resoluci\u00f3n N\u00ba 059 \u201cA\u201d, se aprueban los Estatutos y la Asociaci\u00f3n queda incorporada a la Federaci\u00f3n de Bomberos Voluntarios de la Provincia de C\u00f3rdoba.<br \/>\nEn 1984 comienza la capacitaci\u00f3n del Cuerpo Activo y la Asociaci\u00f3n se incorpora a la Regional 8\u00aa, juntamente con las Asociaciones de Marcos Ju\u00e1rez, Leones, Corral de Bustos, Monte Ma\u00edz, Cruz Alta, Noetinger, General Roca. Posteriormente se incorporan a esta Regional: General Baldissera, Monte Buey, Isla Verde, Inriville, Los Surgentes y Guatimoz\u00edn.<br \/>\nEl 9 de julio de 1986, durante el Acto C\u00edvico conmemorando el D\u00eda de la Independencia, juran por primera vez como Bomberos Voluntarios: Alfredo Gariglio, Daniel Lambertucci, Julio C. Marpillero, Gabriel Narvaja, Walter D\u00e1rdano, Eduardo Jim\u00e9nez y Hugo Lambertucci.<br \/>\nEse mismo a\u00f1o, la Segunda Comisi\u00f3n Pro Tel\u00e9fonos dona a la Asociaci\u00f3n una l\u00ednea de tel\u00e9fono y dinero en efectivo con el que, junto a otras donaciones, permite adquirir el terreno ubicado en la esquina de Sargento Cabral y Buenos Aires donde se levanta el edificio del Cuartel. Su construcci\u00f3n se llev\u00f3 a cabo con los aportes en dinero del comercio local y la poblaci\u00f3n en general, y muy especialmente con el trabajo de los integrantes de la Asociaci\u00f3n. Del mismo modo se logra reunir los elementos indispensables para la tarea espec\u00edfica: veh\u00edculos, autobomba, etc. La Municipalidad, bajo las distintas gestiones, realiz\u00f3 aportes fundamentales. Los Intendentes Municipales del pa\u00eds son, en sus jurisdicciones los Jefes de Defensa Civil con quienes los Cuerpos de Bomberos deben colaborar en ese tema.<br \/>\nEn 1987 participan por primera vez como integrantes de la BRIGADA NARANJA en siniestros ocurridos en el sur de nuestro pa\u00eds. Posteriormente lo har\u00eda en siniestros ocurridos en nuestra provincia.<br \/>\nEn 1996 se redacta y aprueba el Reglamento Interno de la Asociaci\u00f3n.<\/p>\n<p>Muchos son los voluntarios que han pasado por las filas del Cuerpo Activo y que por diversos motivos hoy no est\u00e1n y que merecen el recuerdo y el agradecimiento por el esfuerzo y dedicaci\u00f3n puesto de manifiesto mientras integraban este Cuerpo. Ellos fueron: Alfredo Gariglio, Eldo Bertoglio, Eugenio G\u00f3mez, Egidio Valdettaro, Jos\u00e9 Mar\u00eda Romero, Daniel A. Lambertucci, Hugo Lambertucci, Javier O. Caffaratti, Juan Carlos Z\u00f3ccola, Jorge Fern\u00e1ndez, Walter D\u00e1rdano, Guillermo Bertoglio, Dar\u00edo Ballini, Jorge A. L\u00f3pez, Eduardo Gim\u00e9nez, Juan J. Bustos, H\u00e9ctor A. Pozzi, Jos\u00e9 L. Aguilera, Claudio Bartulovich, Jos\u00e9 Mar\u00eda Pozzi, Diego Echaniz, Javier A. Cena, Guillermo Becerra, Fabricio Nocelli, Sebasti\u00e1n Nocelli, Guillermo Tormos, Gabriel Narvaja, Esteban Bas, Daniel Freytes, Claudio Cena, Luis Caminotti, Oscar Vega, Ariel Tes\u00e1n, Manuel O. Rodr\u00edguez, Fabi\u00e1n R. Olmos.<br \/>\nEste 27 de octubre de 2007, en que se celebran los Veinticinco A\u00f1os de su fundaci\u00f3n, lo componen los siguientes miembros:<br \/>\nJefe: Marpillero, Julio C.<br \/>\nSub-Jefe: Rabbia, Carlos A.<br \/>\nBomberos: Abate, Sebasti\u00e1n M.<br \/>\nAlacia, Daniel A.<br \/>\nBallini, Gabriel<br \/>\nBelli, Carlos D.<br \/>\nBlanco, Guillermo<br \/>\nCaminotti, Santiago A.<br \/>\nCena, Franco A.<br \/>\nCena, Gerardo R.<br \/>\nFrancone, Lucas H.<br \/>\nGuti\u00e9rrez, Daniel J.<br \/>\nLattanzi, Joaqu\u00edn<br \/>\nLattanzi, Pablo A.<br \/>\nL\u00f3pez, Alberto S.<br \/>\nMart\u00ednez, Marcelo F.<br \/>\nMatar\u00e1n, Lindolfo J.<br \/>\nMontenegro, Norberto J.<br \/>\nNarvaja, Diego M.<br \/>\nOrtega, Adri\u00e1n C.<br \/>\nRabbia, Gabriel J.<br \/>\nR\u00edos, Claudio F.<br \/>\nStanich, Cristian I.<br \/>\nTonelli, Pablo A.<\/p>\n<p>Aspirantes: Bertoglio, Juli\u00e1n<br \/>\nSelva, Bruno<br \/>\nRabbia, Adr\u00e9s S.<\/p>\n<p>El trabajo de los miembros es de absoluto servicio solidario, sin horarios y sin percibir ninguna remuneraci\u00f3n por sus tareas.<br \/>\nSe lleva un registro con detalle de datos de cada salida, cuyas causas son variadas y de distinta gravedad: incendios de campos, automotores, viviendas, comercios e industrias, vuelcos de autos y \u00f3mnibus de pasajeros, choques de veh\u00edculos, accidentes de personas en la v\u00eda p\u00fablica y en el hogar, ca\u00eddas en pozos, etc. adem\u00e1s de colaborar con Cuarteles de otras localidades.<br \/>\nLos miembros del Cuerpo Activo participan asiduamente de distintas instancia de capacitaci\u00f3n sobre diversos temas como: Control de emergencias en cat\u00e1strofes, Incendio de plantas de silos, Toxicolog\u00eda, Emergencias m\u00e9dicas, Primeros Auxilios, Materiales peligrosos, Rescate en altura, Accidentes vehiculares, etc. Tambi\u00e9n ofrecen capacitaci\u00f3n y demostraciones, especialmente a instituciones educativas.<br \/>\nOtras actividades denominadas pasivas son la confecci\u00f3n de listado de datos referentes a los Grupos Sangu\u00edneos de habitantes de Camilo Aldao que voluntariamente deseen ser incluidos, para los casos de necesidad de donantes. Adem\u00e1s la papeler\u00eda, documentaci\u00f3n y comunicaci\u00f3n con los otros Cuarteles de la Regional 8\u00aa, y la limpieza y mantenimiento del cuartel y sus Unidades.<\/p>\n<p>La actual Comisi\u00f3n Directiva se compone as\u00ed:<br \/>\nPresidente: H\u00e9ctor J. Rabbia<br \/>\nVicepresidente: Salvador Or\u00e9fice<br \/>\nSecretario: Alberto L\u00f3pez<br \/>\nPro Secretario: Jos\u00e9 L. Demarchi<br \/>\nTesorero: Abel Pozzi<br \/>\nPro Tesorero: Jos\u00e9 Toblini<br \/>\nVocales Titulares: Jorge Ivanisevich<br \/>\nH\u00e9ctor Calandra<br \/>\nAndr\u00e9s Garelli<br \/>\nGerm\u00e1n Ternavario<br \/>\nVocales suplentes: N\u00e9stor Torre<br \/>\nWalter Pistelli<br \/>\nRevisores de Cuentas: R\u00f3mulo J. Tos\u00ed<br \/>\nLuis A. Pogliano<\/p>\n","protected":false},"excerpt":{"rendered":"<p>En 1982, a pesar de los casi 90 a\u00f1os de Camilo Aldao, el pueblo carec\u00eda de una instituci\u00f3n destinada a hacer frente a los siniestros provocados por la naturaleza, accidentes o descuidos del hombre. Estas situaciones deb\u00edan ser cubiertas por el Cuerpo de bomberos Voluntarios de Corral de bustos, al [&hellip;]<\/p>\n","protected":false},"author":1,"featured_media":0,"parent":0,"menu_order":0,"comment_status":"open","ping_status":"closed","template":"","meta":{"footnotes":""},"class_list":["post-445","page","type-page","status-publish","hentry"],"_links":{"self":[{"href":"https:\/\/camiloaldaoweb.com.ar\/index.php?rest_route=\/wp\/v2\/pages\/445","targetHints":{"allow":["GET"]}}],"collection":[{"href":"https:\/\/camiloaldaoweb.com.ar\/index.php?rest_route=\/wp\/v2\/pages"}],"about":[{"href":"https:\/\/camiloaldaoweb.com.ar\/index.php?rest_route=\/wp\/v2\/types\/page"}],"author":[{"embeddable":true,"href":"https:\/\/camiloaldaoweb.com.ar\/index.php?rest_route=\/wp\/v2\/users\/1"}],"replies":[{"embeddable":true,"href":"https:\/\/camiloaldaoweb.com.ar\/index.php?rest_route=%2Fwp%2Fv2%2Fcomments&post=445"}],"version-history":[{"count":1,"href":"https:\/\/camiloaldaoweb.com.ar\/index.php?rest_route=\/wp\/v2\/pages\/445\/revisions"}],"predecessor-version":[{"id":446,"href":"https:\/\/camiloaldaoweb.com.ar\/index.php?rest_route=\/wp\/v2\/pages\/445\/revisions\/446"}],"wp:attachment":[{"href":"https:\/\/camiloaldaoweb.com.ar\/index.php?rest_route=%2Fwp%2Fv2%2Fmedia&parent=445"}],"curies":[{"name":"wp","href":"https:\/\/api.w.org\/{rel}","templated":true}]}}