{"id":258,"date":"2012-10-26T22:40:15","date_gmt":"2012-10-26T22:40:15","guid":{"rendered":"http:\/\/camiloaldao.wordpress.com\/?page_id=258"},"modified":"2015-11-04T20:42:26","modified_gmt":"2015-11-04T23:42:26","slug":"contacto","status":"publish","type":"page","link":"https:\/\/camiloaldaoweb.com.ar\/?page_id=258","title":{"rendered":"Contacto"},"content":{"rendered":"<table border=\"0\" width=\"200\" align=\"center\">\n<tbody>\n<tr>\n<td>\n<div align=\"center\"><script type=\"text\/javascript\">\/\/ <![CDATA[\ngoogle_ad_client = \"ca-pub-3325158522708718\"; \/* 300x250, creado 23\/05\/11 *\/ google_ad_slot = \"7817200712\"; google_ad_width = 300; google_ad_height = 250;\n\/\/ ]]><\/script><br \/>\n<script src=\"http:\/\/pagead2.googlesyndication.com\/pagead\/show_ads.js\" type=\"text\/javascript\">\/\/ <![CDATA[\n\n\/\/ ]]><\/script><\/div>\n<\/td>\n<\/tr>\n<\/tbody>\n<\/table>\n<p><em><strong>Municipalidad:<\/strong><\/em><\/p>\n<p>Belgrano esquina San Martin &#8211; Tel\u00e9fono: 03468-401260<\/p>\n<p><em><strong>Secretaria de Cultura:<\/strong><\/em><\/p>\n<p>Monica Dellacroce &#8211; Tel\u00e9fono 03468-15538441<\/p>\n<p><em><strong>Tramites y Servicios<\/strong><\/em><\/p>\n<p>Tel\u00e9fono 03468-401159<\/p>\n<p><em><strong>Hospital Municipal<\/strong><\/em><\/p>\n<p>Tel\u00e9fono 03468-401194<\/p>\n<p><em><strong>Pagina Web<\/strong> <\/em><\/p>\n<p>Andr\u00e9s Dreyer &#8211; Telefono 03468-15560087<\/p>\n","protected":false},"excerpt":{"rendered":"<p>Municipalidad: Belgrano esquina San Martin &#8211; Tel\u00e9fono: 03468-401260 Secretaria de Cultura: Monica Dellacroce &#8211; Tel\u00e9fono 03468-15538441 Tramites y Servicios Tel\u00e9fono 03468-401159 Hospital Municipal Tel\u00e9fono 03468-401194 Pagina Web Andr\u00e9s Dreyer &#8211; Telefono 03468-15560087<\/p>\n","protected":false},"author":1,"featured_media":0,"parent":0,"menu_order":0,"comment_status":"open","ping_status":"open","template":"","meta":{"footnotes":""},"class_list":["post-258","page","type-page","status-publish","hentry"],"_links":{"self":[{"href":"https:\/\/camiloaldaoweb.com.ar\/index.php?rest_route=\/wp\/v2\/pages\/258","targetHints":{"allow":["GET"]}}],"collection":[{"href":"https:\/\/camiloaldaoweb.com.ar\/index.php?rest_route=\/wp\/v2\/pages"}],"about":[{"href":"https:\/\/camiloaldaoweb.com.ar\/index.php?rest_route=\/wp\/v2\/types\/page"}],"author":[{"embeddable":true,"href":"https:\/\/camiloaldaoweb.com.ar\/index.php?rest_route=\/wp\/v2\/users\/1"}],"replies":[{"embeddable":true,"href":"https:\/\/camiloaldaoweb.com.ar\/index.php?rest_route=%2Fwp%2Fv2%2Fcomments&post=258"}],"version-history":[{"count":4,"href":"https:\/\/camiloaldaoweb.com.ar\/index.php?rest_route=\/wp\/v2\/pages\/258\/revisions"}],"predecessor-version":[{"id":1196,"href":"https:\/\/camiloaldaoweb.com.ar\/index.php?rest_route=\/wp\/v2\/pages\/258\/revisions\/1196"}],"wp:attachment":[{"href":"https:\/\/camiloaldaoweb.com.ar\/index.php?rest_route=%2Fwp%2Fv2%2Fmedia&parent=258"}],"curies":[{"name":"wp","href":"https:\/\/api.w.org\/{rel}","templated":true}]}}