{"id":228,"date":"2012-10-20T15:01:55","date_gmt":"2012-10-20T15:01:55","guid":{"rendered":"http:\/\/camiloaldao.wordpress.com\/?page_id=228"},"modified":"2012-10-20T15:01:55","modified_gmt":"2012-10-20T15:01:55","slug":"rurales","status":"publish","type":"page","link":"https:\/\/camiloaldaoweb.com.ar\/?page_id=228","title":{"rendered":"Rurales"},"content":{"rendered":"<p><strong><span style=\"font-family:Arial, Helvetica, sans-serif;font-size:large;\">ESCUELA \u201cJOS\u00c9 HERN\u00c1NDEZ\u201d<\/span><br \/>\nCampo Laborde \u2013 Camilo Aldao<\/strong><\/p>\n<p><span style=\"font-family:Arial, Helvetica, sans-serif;font-size:small;\">La Escuela \u201cJos\u00e9 Hern\u00e1ndez\u201d se halla ubicada en Campo Laborde, a 11 km. al Norte de Camilo Aldao, 9 km sobre la ruta provincial N\u00ba 12 y 2 km. de tierra. Dista 8 km. de la localidad de Los Surgentes.<br \/>\nFunciona en un edificio antiguo ubicado de Oeste a Este, construido en un terreno donado por el Se\u00f1or Juan Meineri (5.000 m2 de superficie), aproximadamente en el a\u00f1o 1932, fecha en que fue entregada por un Organismo Oficial. En la Escuela no se encuentran documentes que atestig\u00fcen la fecha fehacientemente.<br \/>\nEn sus inicios la escuela contaba con numerosos alumnos, pero con el correr de los a\u00f1os se produjo, por factores socio-econ\u00f3micos, una marcada emigraci\u00f3n de pobladores rurales hacia centros urbanos. Como consecuencia de ello fue decayendo progresivamente la matr\u00edcula.<br \/>\nActualmente la municipalidad de Camilo Aldao cubre la necesidades la<br \/>\nInstituci\u00f3n a trav\u00e9s de donaciones y arreglos de los elementos indispensable para su funcionamiento.<br \/>\nEn el 2007 el Intendente Municipal Sr. Carlos Baeza don\u00f3 a la Escuela una computadora. Por razones de seguridad la misma ha sido instalada en la casa particular la docente a cargo, donde los alumnos reciben sus clases de computaci\u00f3n a cargo de la Se\u00f1orita Valeria Tonelli.<br \/>\nEn estos momentos el Establecimiento est\u00e1 a cargo de la Sra. Ang\u00e9lica del Valle Tardini, Directora Interina y docente \u00fanica desde el 03-03-1996 quien se moviliza en su autom\u00f3vil particular recorriendo diariamente con sacrificio pero con alegr\u00eda los kil\u00f3metros que la separan de la localidad.<\/span><\/p>\n<p>&nbsp;<\/p>\n<p><strong><span style=\"font-family:Arial, Helvetica, sans-serif;font-size:medium;\">ESCUELA \u201cJOS\u00c9 GERVASIO ARTIGAS\u201d<\/span><br \/>\nCampo Carlitos \u2013 Camilo Aldao<\/strong><\/p>\n<p><span style=\"font-family:Arial, Helvetica, sans-serif;font-size:small;\">La Escuela \u201cJos\u00e9 Gervasio Artigas\u201d se halla ubicada a 15 km. de Camilo Aldao, (8 km. en direcci\u00f3n Sur por la ruta Provincial N\u00ba 12 y 7 km. hacia el Este por camino de tierra) hasta donde se moviliza la docente en su veh\u00edculo particular. Dista 20 km. de la ciudad de Corral de Bustos y 18 km. de la localidad de Cha\u00f1ar Ladeado.<br \/>\nLa Escuela fue creada el 27 de setiembre de 1951, funcionando en la casa de un vecino. En aquella \u00e9poca era numerosa la poblaci\u00f3n de esa zona rural, por lo que se hizo necesario crear una escuela que recibiera a todos los ni\u00f1os de la vecindad. Se realizaron los tr\u00e1mites necesarios ante Autoridades Provinciales para lograr ese objetivo.<br \/>\nEl donante del terreno donde se levant\u00f3 la Escuela fue el Se\u00f1or Juan D\u00e9cimo Cena. El edificio fue construido por el Se\u00f1or Alfredo Oldani, quien lo entreg\u00f3 terminado el 18 de octubre de 1953.<br \/>\nEn sus inicios la Escuela contaba con m\u00e1s de treinta alumnos. Con el correr de los a\u00f1os, como ocurri\u00f3 en la mayor\u00eda de las zonas rurales, la poblaci\u00f3n se traslad\u00f3 a vivir en los pueblos y la matr\u00edcula decay\u00f3 progresivamente.<br \/>\nLa Escuela cuenta con una Capillita con la imagen de la Virgen de Luj\u00e1n y con un Busto en homenaje a todas las Madres de la Colonia.<\/span><\/p>\n","protected":false},"excerpt":{"rendered":"<p>ESCUELA \u201cJOS\u00c9 HERN\u00c1NDEZ\u201d Campo Laborde \u2013 Camilo Aldao La Escuela \u201cJos\u00e9 Hern\u00e1ndez\u201d se halla ubicada en Campo Laborde, a 11 km. al Norte de Camilo Aldao, 9 km sobre la ruta provincial N\u00ba 12 y 2 km. de tierra. Dista 8 km. de la localidad de Los Surgentes. Funciona en [&hellip;]<\/p>\n","protected":false},"author":1,"featured_media":0,"parent":200,"menu_order":0,"comment_status":"open","ping_status":"open","template":"","meta":{"footnotes":""},"class_list":["post-228","page","type-page","status-publish","hentry"],"_links":{"self":[{"href":"https:\/\/camiloaldaoweb.com.ar\/index.php?rest_route=\/wp\/v2\/pages\/228","targetHints":{"allow":["GET"]}}],"collection":[{"href":"https:\/\/camiloaldaoweb.com.ar\/index.php?rest_route=\/wp\/v2\/pages"}],"about":[{"href":"https:\/\/camiloaldaoweb.com.ar\/index.php?rest_route=\/wp\/v2\/types\/page"}],"author":[{"embeddable":true,"href":"https:\/\/camiloaldaoweb.com.ar\/index.php?rest_route=\/wp\/v2\/users\/1"}],"replies":[{"embeddable":true,"href":"https:\/\/camiloaldaoweb.com.ar\/index.php?rest_route=%2Fwp%2Fv2%2Fcomments&post=228"}],"version-history":[{"count":0,"href":"https:\/\/camiloaldaoweb.com.ar\/index.php?rest_route=\/wp\/v2\/pages\/228\/revisions"}],"up":[{"embeddable":true,"href":"https:\/\/camiloaldaoweb.com.ar\/index.php?rest_route=\/wp\/v2\/pages\/200"}],"wp:attachment":[{"href":"https:\/\/camiloaldaoweb.com.ar\/index.php?rest_route=%2Fwp%2Fv2%2Fmedia&parent=228"}],"curies":[{"name":"wp","href":"https:\/\/api.w.org\/{rel}","templated":true}]}}