{"id":224,"date":"2012-10-20T14:58:39","date_gmt":"2012-10-20T14:58:39","guid":{"rendered":"http:\/\/camiloaldao.wordpress.com\/?page_id=224"},"modified":"2016-07-02T21:42:04","modified_gmt":"2016-07-03T00:42:04","slug":"i-p-e-m-ya-151","status":"publish","type":"page","link":"https:\/\/camiloaldaoweb.com.ar\/?page_id=224","title":{"rendered":"I.P.E.M.yA.151"},"content":{"rendered":"<p><strong><img fetchpriority=\"high\" decoding=\"async\" class=\"wp-image-1387 alignleft\" src=\"https:\/\/camiloaldaoweb.com.ar\/wp-content\/uploads\/2012\/10\/logo.jpg\" alt=\"logo\" width=\"241\" height=\"241\" srcset=\"https:\/\/camiloaldaoweb.com.ar\/wp-content\/uploads\/2012\/10\/logo-150x150.jpg 150w, https:\/\/camiloaldaoweb.com.ar\/wp-content\/uploads\/2012\/10\/logo-250x250.jpg 250w, https:\/\/camiloaldaoweb.com.ar\/wp-content\/uploads\/2012\/10\/logo-125x125.jpg 125w, https:\/\/camiloaldaoweb.com.ar\/wp-content\/uploads\/2012\/10\/logo-110x110.jpg 110w, https:\/\/camiloaldaoweb.com.ar\/wp-content\/uploads\/2012\/10\/logo-420x420.jpg 420w, https:\/\/camiloaldaoweb.com.ar\/wp-content\/uploads\/2012\/10\/logo-50x50.jpg 50w\" sizes=\"(max-width: 241px) 100vw, 241px\" \/>INSTITUTO PROVINCIAL DE ENSE\u00d1ANZA MEDIA Y AGROPECUARIA N\u00ba151 JOS\u00c9 IGNACIO URBIZU<\/strong><\/p>\n<p><span style=\"font-family: Arial, Helvetica, sans-serif; font-size: small;\">La Instituci\u00f3n es el resultado de la fusi\u00f3n de las Escuelas: de Comercio &#8220;Jos\u00e9 Mar\u00eda Aldao&#8221; y el Bachillerato T\u00e9cnico Especializado &#8220;Florentino Ameghino&#8221; seg\u00fan Res. 350 del 5 de junio de 1996; estableciendo la misma como Escuela incorporante a la primera. Esta disposici\u00f3n del Ministerio de Educaci\u00f3n y Cultura de la Provincia unific\u00f3 el destino de dos Establecimientos cuyas trayectorias eran notablemente distintas.<\/span><\/p>\n<p><span style=\"font-family: Arial, Helvetica, sans-serif; font-size: small;\">Por Dcto. Nro 933 del 1ro de julio de l997 modif\u00edcanse las denominaciones de todos los establecimientos educativos de nivel medio dependientes de D.E.M. (Ministerio de Educaci\u00f3n y Cultura) que aplican la Transformaci\u00f3n Cualitativa del Sistema, por la de Instituto Provincial de Educaci\u00f3n Media (I.P.E.M.) correspondiendo al nuestro, el nombre de IPEM Nro 151 &#8220;Jos\u00e9 Mar\u00eda Aldao&#8221;. <img decoding=\"async\" class=\"wp-image-1384 alignleft\" src=\"https:\/\/camiloaldaoweb.com.ar\/wp-content\/uploads\/2012\/10\/IPEMyA-N\u00ba-151-CICLO-ORIENTADO.jpg\" alt=\"IPEMyA N\u00ba 151 CICLO ORIENTADO\" width=\"400\" height=\"300\" srcset=\"https:\/\/camiloaldaoweb.com.ar\/wp-content\/uploads\/2012\/10\/IPEMyA-N\u00ba-151-CICLO-ORIENTADO.jpg 4000w, https:\/\/camiloaldaoweb.com.ar\/wp-content\/uploads\/2012\/10\/IPEMyA-N\u00ba-151-CICLO-ORIENTADO-650x488.jpg 650w, https:\/\/camiloaldaoweb.com.ar\/wp-content\/uploads\/2012\/10\/IPEMyA-N\u00ba-151-CICLO-ORIENTADO-768x576.jpg 768w, https:\/\/camiloaldaoweb.com.ar\/wp-content\/uploads\/2012\/10\/IPEMyA-N\u00ba-151-CICLO-ORIENTADO-1024x768.jpg 1024w, https:\/\/camiloaldaoweb.com.ar\/wp-content\/uploads\/2012\/10\/IPEMyA-N\u00ba-151-CICLO-ORIENTADO-110x83.jpg 110w, https:\/\/camiloaldaoweb.com.ar\/wp-content\/uploads\/2012\/10\/IPEMyA-N\u00ba-151-CICLO-ORIENTADO-420x315.jpg 420w, https:\/\/camiloaldaoweb.com.ar\/wp-content\/uploads\/2012\/10\/IPEMyA-N\u00ba-151-CICLO-ORIENTADO-573x430.jpg 573w\" sizes=\"(max-width: 400px) 100vw, 400px\" \/>Posteriormente, por Res. Min. Nro 1592 del 18 de noviembre de 1997, se autoriza el nombre de &#8220;Jos\u00e9 Ignacio Urbizu&#8221;, que hubiere resultado seleccionado por la comunidad educativa.<\/span><\/p>\n<p><strong>IPEMyA\u00a0 &#8211; Instituto Provincial de Educaci\u00f3n Media y Agrot\u00e9cnica<\/strong><\/p>\n<p><strong>\u00a0N\u00ba 151 <\/strong><\/p>\n<p><strong>\u201cJos\u00e9 Ignacio Urbizu\u201d<\/strong><\/p>\n<p>El Instituto Provincial de Educaci\u00f3n Media y Agrot\u00e9cnica N\u00ba 151 \u201cJos\u00e9 Ignacio Urbizu\u201d es la instituci\u00f3n camilense que tiene sus ra\u00edces en el primer secundario de la localidad, la Escuela de Comercio \u201cJos\u00e9 Mar\u00eda Aldao\u201d, y en el Bachillerato T\u00e9cnico Especializado \u201cFlorentino Ameghino\u201d. Desde hace 60 a\u00f1os, y a trav\u00e9s de los distintos contextos hist\u00f3ricos transitados, su labor ha sido dar respuesta acad\u00e9mica, comprometida y esforzada, a las necesidades educativas de una sociedad din\u00e1mica y cambiante.<img decoding=\"async\" class=\" wp-image-1383 alignleft\" src=\"https:\/\/camiloaldaoweb.com.ar\/wp-content\/uploads\/2012\/10\/IPEMyA-N\u00ba-151-Ciclo-B\u00e1sico.jpg\" alt=\"IPEMyA N\u00ba 151 Ciclo B\u00e1sico\" width=\"401\" height=\"240\" srcset=\"https:\/\/camiloaldaoweb.com.ar\/wp-content\/uploads\/2012\/10\/IPEMyA-N\u00ba-151-Ciclo-B\u00e1sico.jpg 480w, https:\/\/camiloaldaoweb.com.ar\/wp-content\/uploads\/2012\/10\/IPEMyA-N\u00ba-151-Ciclo-B\u00e1sico-110x66.jpg 110w, https:\/\/camiloaldaoweb.com.ar\/wp-content\/uploads\/2012\/10\/IPEMyA-N\u00ba-151-Ciclo-B\u00e1sico-420x252.jpg 420w\" sizes=\"(max-width: 401px) 100vw, 401px\" \/><\/p>\n<p>Su particular historia lo ha dotado del privilegio de contar con dos edificios y un predio rural, en los que, cotidianamente, 230 personas\u00a0 trabajan y estudian, desarrollan habilidades, promueven estrategias, construyen conocimientos y conviven democr\u00e1ticamente, para llevar adelante su Proyecto Educativo Institucional. Para ello, cuentan tambi\u00e9n con gabinetes de computaci\u00f3n y proyecci\u00f3n, salas de m\u00fasica, aulas \u2013talleres, play\u00f3n deportivo, invern\u00e1culo, asistencia psicopedag\u00f3gica,\u00a0 videoteca y bibliotecas, laboratorio de f\u00edsico-qu\u00edmica, comedor escolar, sal\u00f3n de usos m\u00faltiples, wi-fi y notebook para cada alumno.<\/p>\n<p>La Instituci\u00f3n cuenta con dos especialidades <img loading=\"lazy\" decoding=\"async\" class=\"wp-image-1386 alignleft\" src=\"https:\/\/camiloaldaoweb.com.ar\/wp-content\/uploads\/2012\/10\/IPEMyA-N\u00ba-151UNIDAD-DE-TRASLADO-ESCOLAR.jpg\" alt=\"IPEMyA N\u00ba 151UNIDAD DE TRASLADO ESCOLAR\" width=\"400\" height=\"169\" srcset=\"https:\/\/camiloaldaoweb.com.ar\/wp-content\/uploads\/2012\/10\/IPEMyA-N\u00ba-151UNIDAD-DE-TRASLADO-ESCOLAR.jpg 2341w, https:\/\/camiloaldaoweb.com.ar\/wp-content\/uploads\/2012\/10\/IPEMyA-N\u00ba-151UNIDAD-DE-TRASLADO-ESCOLAR-650x275.jpg 650w, https:\/\/camiloaldaoweb.com.ar\/wp-content\/uploads\/2012\/10\/IPEMyA-N\u00ba-151UNIDAD-DE-TRASLADO-ESCOLAR-768x324.jpg 768w, https:\/\/camiloaldaoweb.com.ar\/wp-content\/uploads\/2012\/10\/IPEMyA-N\u00ba-151UNIDAD-DE-TRASLADO-ESCOLAR-1024x433.jpg 1024w, https:\/\/camiloaldaoweb.com.ar\/wp-content\/uploads\/2012\/10\/IPEMyA-N\u00ba-151UNIDAD-DE-TRASLADO-ESCOLAR-110x46.jpg 110w, https:\/\/camiloaldaoweb.com.ar\/wp-content\/uploads\/2012\/10\/IPEMyA-N\u00ba-151UNIDAD-DE-TRASLADO-ESCOLAR-420x177.jpg 420w, https:\/\/camiloaldaoweb.com.ar\/wp-content\/uploads\/2012\/10\/IPEMyA-N\u00ba-151UNIDAD-DE-TRASLADO-ESCOLAR-770x325.jpg 770w\" sizes=\"(max-width: 400px) 100vw, 400px\" \/>educativas: Econom\u00eda y\u00a0 Administraci\u00f3n, y Producci\u00f3n Agropecuaria, que tienen como fin\u00a0 formar y capacitar \u00edntegramente a los j\u00f3venes provey\u00e9ndolos de herramientas para proseguir estudios superiores y desempe\u00f1arse en el campo laboral, contribuyendo as\u00ed tambi\u00e9n al mejoramiento de la comunidad regional.<\/p>\n<p>El I.P.E.M.y A. N\u00ba 151, con m\u00e9todos innovadores y actualizados, \u00a0ofrece una rica gama de experiencias educativas: proyecci\u00f3n de pel\u00edculas en el Libertablas, visitas de escritores, olimp\u00edadas, caf\u00e9 filos\u00f3fico, acantonamiento y campamentos, torneos deportivos, taller de <img loading=\"lazy\" decoding=\"async\" class=\"wp-image-1385 alignleft\" src=\"https:\/\/camiloaldaoweb.com.ar\/wp-content\/uploads\/2012\/10\/IPEMyA-N\u00ba-151-PREDIO-RURAL.jpg\" alt=\"IPEMyA N\u00ba 151 PREDIO RURAL\" width=\"402\" height=\"402\" srcset=\"https:\/\/camiloaldaoweb.com.ar\/wp-content\/uploads\/2012\/10\/IPEMyA-N\u00ba-151-PREDIO-RURAL-150x150.jpg 150w, https:\/\/camiloaldaoweb.com.ar\/wp-content\/uploads\/2012\/10\/IPEMyA-N\u00ba-151-PREDIO-RURAL-250x250.jpg 250w, https:\/\/camiloaldaoweb.com.ar\/wp-content\/uploads\/2012\/10\/IPEMyA-N\u00ba-151-PREDIO-RURAL-125x125.jpg 125w, https:\/\/camiloaldaoweb.com.ar\/wp-content\/uploads\/2012\/10\/IPEMyA-N\u00ba-151-PREDIO-RURAL-110x110.jpg 110w, https:\/\/camiloaldaoweb.com.ar\/wp-content\/uploads\/2012\/10\/IPEMyA-N\u00ba-151-PREDIO-RURAL-420x420.jpg 420w, https:\/\/camiloaldaoweb.com.ar\/wp-content\/uploads\/2012\/10\/IPEMyA-N\u00ba-151-PREDIO-RURAL-50x50.jpg 50w\" sizes=\"(max-width: 402px) 100vw, 402px\" \/>acrobacias a\u00e9reas y expresi\u00f3n corporal, centro de actividades juveniles, viajes educativos, visitas did\u00e1cticas locales, charlas con especialistas, trabajos de campo, pasant\u00edas laborales, pr\u00e1cticas de procesos productivos y comerciales, organizaci\u00f3n de eventos abiertos a la comunidad como sus tradicionales cenas\u2026<\/p>\n<p>&nbsp;<\/p>\n<p>DIRECTORA: \u00a0LIC. SUSANA ISABEL RITTA<\/p>\n<p>VICEDIRECTORA: PROF. CLAUDIA FABIANA VACA<\/p>\n<p><img loading=\"lazy\" decoding=\"async\" class=\"alignnone size-full wp-image-1380\" src=\"https:\/\/camiloaldaoweb.com.ar\/wp-content\/uploads\/2012\/10\/CB.jpg\" alt=\"CB\" width=\"1281\" height=\"949\" srcset=\"https:\/\/camiloaldaoweb.com.ar\/wp-content\/uploads\/2012\/10\/CB.jpg 1281w, https:\/\/camiloaldaoweb.com.ar\/wp-content\/uploads\/2012\/10\/CB-650x482.jpg 650w, https:\/\/camiloaldaoweb.com.ar\/wp-content\/uploads\/2012\/10\/CB-768x569.jpg 768w, https:\/\/camiloaldaoweb.com.ar\/wp-content\/uploads\/2012\/10\/CB-1024x759.jpg 1024w, https:\/\/camiloaldaoweb.com.ar\/wp-content\/uploads\/2012\/10\/CB-110x81.jpg 110w, https:\/\/camiloaldaoweb.com.ar\/wp-content\/uploads\/2012\/10\/CB-420x311.jpg 420w, https:\/\/camiloaldaoweb.com.ar\/wp-content\/uploads\/2012\/10\/CB-580x430.jpg 580w\" sizes=\"(max-width: 1281px) 100vw, 1281px\" \/><\/p>\n<p><img loading=\"lazy\" decoding=\"async\" class=\"alignnone size-full wp-image-1381\" src=\"https:\/\/camiloaldaoweb.com.ar\/wp-content\/uploads\/2012\/10\/CO.jpg\" alt=\"CO\" width=\"1282\" height=\"1161\" srcset=\"https:\/\/camiloaldaoweb.com.ar\/wp-content\/uploads\/2012\/10\/CO.jpg 1282w, https:\/\/camiloaldaoweb.com.ar\/wp-content\/uploads\/2012\/10\/CO-650x589.jpg 650w, https:\/\/camiloaldaoweb.com.ar\/wp-content\/uploads\/2012\/10\/CO-768x696.jpg 768w, https:\/\/camiloaldaoweb.com.ar\/wp-content\/uploads\/2012\/10\/CO-1024x927.jpg 1024w, https:\/\/camiloaldaoweb.com.ar\/wp-content\/uploads\/2012\/10\/CO-110x100.jpg 110w, https:\/\/camiloaldaoweb.com.ar\/wp-content\/uploads\/2012\/10\/CO-420x380.jpg 420w, https:\/\/camiloaldaoweb.com.ar\/wp-content\/uploads\/2012\/10\/CO-475x430.jpg 475w\" sizes=\"(max-width: 1282px) 100vw, 1282px\" \/><\/p>\n<p><img loading=\"lazy\" decoding=\"async\" class=\"alignnone size-full wp-image-1382\" src=\"https:\/\/camiloaldaoweb.com.ar\/wp-content\/uploads\/2012\/10\/CO2.jpg\" alt=\"CO2\" width=\"1279\" height=\"958\" srcset=\"https:\/\/camiloaldaoweb.com.ar\/wp-content\/uploads\/2012\/10\/CO2.jpg 1279w, https:\/\/camiloaldaoweb.com.ar\/wp-content\/uploads\/2012\/10\/CO2-650x487.jpg 650w, https:\/\/camiloaldaoweb.com.ar\/wp-content\/uploads\/2012\/10\/CO2-768x575.jpg 768w, https:\/\/camiloaldaoweb.com.ar\/wp-content\/uploads\/2012\/10\/CO2-1024x767.jpg 1024w, https:\/\/camiloaldaoweb.com.ar\/wp-content\/uploads\/2012\/10\/CO2-110x82.jpg 110w, https:\/\/camiloaldaoweb.com.ar\/wp-content\/uploads\/2012\/10\/CO2-420x315.jpg 420w, https:\/\/camiloaldaoweb.com.ar\/wp-content\/uploads\/2012\/10\/CO2-574x430.jpg 574w\" sizes=\"(max-width: 1279px) 100vw, 1279px\" \/><\/p>\n<p>&nbsp;<\/p>\n<p>&nbsp;<\/p>\n<p>&nbsp;<\/p>\n<p>&nbsp;<\/p>\n<p>&nbsp;<\/p>\n<p>&nbsp;<\/p>\n<p>&nbsp;<\/p>\n<p>&nbsp;<\/p>\n<p>&nbsp;<\/p>\n<p>&nbsp;<\/p>\n<p>&nbsp;<\/p>\n<p>&nbsp;<\/p>\n<p>&nbsp;<\/p>\n<p>&nbsp;<\/p>\n<p>&nbsp;<\/p>\n<p>&nbsp;<\/p>\n<p>&nbsp;<\/p>\n<p>&nbsp;<\/p>\n<p>&nbsp;<\/p>\n<p>&nbsp;<\/p>\n<p>&nbsp;<\/p>\n<p>&nbsp;<\/p>\n<p>&nbsp;<\/p>\n<p>&nbsp;<\/p>\n<p>&nbsp;<\/p>\n<p><strong>PROYECTOS <\/strong><\/p>\n<ul>\n<li>Proyectando Valores: proyecci\u00f3n de pel\u00edculas en la Sala del Libertablas.<\/li>\n<li>Empresa virtual.<\/li>\n<li>PRODIBUR (Programa de Difusi\u00f3n Bursatil)<\/li>\n<li>Reutilizando: cuidado del medio ambiente.<\/li>\n<li>Charlas Informativas a cargo de diferentes profesionales.<\/li>\n<li>Visita de escritores.<\/li>\n<li>Festejos D\u00eda del Estudiante (Predio Rural)<\/li>\n<li>Acantonamiento (Predio Rural).<\/li>\n<li>Articulaciones entre niveles: ( 6to grado Primario &#8211; 1er. a\u00f1o y\u00a0 3er a\u00f1o-4to a\u00f1o).<\/li>\n<li>Torneos Deportivos: intercolegiales, locales, zonales, provinciales y nacionales.<\/li>\n<li>Viajes Educativos.<\/li>\n<li>CAJ (Centro de Actividades Juveniles).<\/li>\n<li>Caf\u00e9 Filos\u00f3fico.<\/li>\n<li>Olimp\u00edadas de Inform\u00e1tica.<\/li>\n<li>Talleres de Acrobacias A\u00e9reas y Expresi\u00f3n Corporal.<\/li>\n<li>Pasant\u00edas Institucionales y Empresariales.<\/li>\n<li>Procesos Productivos: Cena de los Chacinados, transformaci\u00f3n de granos en carne, faenamiento de cerdos y pollos, elaboraci\u00f3n de escabeches y dulces.<\/li>\n<li>Trabajos de Campo (invern\u00e1culo, huerta, vivero, plantas arom\u00e1ticas, cultivos bajo cubierta, monte frutal, producci\u00f3n animal, avicultura, cunicultura).<\/li>\n<\/ul>\n<p>&nbsp;<\/p>\n<p><strong>CONTAMOS CON:<\/strong><\/p>\n<ul>\n<li>Netbook para cada alumno.<\/li>\n<li>Internet Banda Ancha en ambos edificios y predio rural. (antenas de amplio alcance)<\/li>\n<li>Wi Fi en todas las aulas.<\/li>\n<li>Gabinete de Computaci\u00f3n y Proyecci\u00f3n.<\/li>\n<li>Sala de M\u00fasica y Artes Visuales.<\/li>\n<li>Aulas \u2013 Talleres.<\/li>\n<li>Videoteca y Biblioteca<\/li>\n<li>Play\u00f3n Deportivo.<\/li>\n<li>Sal\u00f3n de Usos M\u00faltiples.<\/li>\n<li>Campo Experimental para Pr\u00e1cticas Agropecuarias.<\/li>\n<li>Laboratorio de F\u00edsico \u2013 Qu\u00edmica.<\/li>\n<li>Gabinete Psicopedag\u00f3gico CEICA (Atenci\u00f3n a la diversidad).<\/li>\n<li>A.I.COR (Comedor Escolar).<\/li>\n<li>Pr\u00e9stamo de Bicicletas.<\/li>\n<\/ul>\n<p>&nbsp;<\/p>\n<p><strong>CONTACTO<\/strong><\/p>\n<p><strong>IPEMyA N\u00ba 151 \u201cJOS\u00c9 IGNACIO URBIZU\u201d<\/strong><\/p>\n<p>De Lunes a Viernes de 8:00 a 16:00 hs.<\/p>\n<p>Ciclo B\u00e1sico &#8211; Bv. Jos\u00e9 M. Aldao 1160 &#8211; (03468)463183<\/p>\n<p>Ciclo Orientado &#8211; Bv San Mart\u00edn y Mendoza &#8211; (03468)4025822<\/p>\n<p>E-mail: ipemya151@hotmail.com<\/p>\n","protected":false},"excerpt":{"rendered":"<p>INSTITUTO PROVINCIAL DE ENSE\u00d1ANZA MEDIA Y AGROPECUARIA N\u00ba151 JOS\u00c9 IGNACIO URBIZU La Instituci\u00f3n es el resultado de la fusi\u00f3n de las Escuelas: de Comercio &#8220;Jos\u00e9 Mar\u00eda Aldao&#8221; y el Bachillerato T\u00e9cnico Especializado &#8220;Florentino Ameghino&#8221; seg\u00fan Res. 350 del 5 de junio de 1996; estableciendo la misma como Escuela incorporante a [&hellip;]<\/p>\n","protected":false},"author":1,"featured_media":0,"parent":200,"menu_order":0,"comment_status":"open","ping_status":"open","template":"","meta":{"footnotes":""},"class_list":["post-224","page","type-page","status-publish","hentry"],"_links":{"self":[{"href":"https:\/\/camiloaldaoweb.com.ar\/index.php?rest_route=\/wp\/v2\/pages\/224","targetHints":{"allow":["GET"]}}],"collection":[{"href":"https:\/\/camiloaldaoweb.com.ar\/index.php?rest_route=\/wp\/v2\/pages"}],"about":[{"href":"https:\/\/camiloaldaoweb.com.ar\/index.php?rest_route=\/wp\/v2\/types\/page"}],"author":[{"embeddable":true,"href":"https:\/\/camiloaldaoweb.com.ar\/index.php?rest_route=\/wp\/v2\/users\/1"}],"replies":[{"embeddable":true,"href":"https:\/\/camiloaldaoweb.com.ar\/index.php?rest_route=%2Fwp%2Fv2%2Fcomments&post=224"}],"version-history":[{"count":9,"href":"https:\/\/camiloaldaoweb.com.ar\/index.php?rest_route=\/wp\/v2\/pages\/224\/revisions"}],"predecessor-version":[{"id":1395,"href":"https:\/\/camiloaldaoweb.com.ar\/index.php?rest_route=\/wp\/v2\/pages\/224\/revisions\/1395"}],"up":[{"embeddable":true,"href":"https:\/\/camiloaldaoweb.com.ar\/index.php?rest_route=\/wp\/v2\/pages\/200"}],"wp:attachment":[{"href":"https:\/\/camiloaldaoweb.com.ar\/index.php?rest_route=%2Fwp%2Fv2%2Fmedia&parent=224"}],"curies":[{"name":"wp","href":"https:\/\/api.w.org\/{rel}","templated":true}]}}