{"id":216,"date":"2012-10-20T14:46:43","date_gmt":"2012-10-20T14:46:43","guid":{"rendered":"http:\/\/camiloaldao.wordpress.com\/?page_id=216"},"modified":"2012-10-20T14:46:43","modified_gmt":"2012-10-20T14:46:43","slug":"c-e-i-c-a","status":"publish","type":"page","link":"https:\/\/camiloaldaoweb.com.ar\/?page_id=216","title":{"rendered":"C.E.I.C.A."},"content":{"rendered":"<p><strong>Centro Educativo Integral Camilo Aldao<\/strong><\/p>\n<p><a href=\"http:\/\/www.camiloaldao.gov.ar\/Educacion-Popus\/Ceica\/Album\/index.html\" target=\"_blank\">ALBUM DE FOTOS<\/a><\/p>\n<p><img fetchpriority=\"high\" decoding=\"async\" class=\"alignleft\" alt=\"http:\/\/3.bp.blogspot.com\/-dcxv-uv-wjY\/T98KhAsSw3I\/AAAAAAAAAEw\/aDGNgyI6RUw\/s1600\/frente+escuela.png\" src=\"http:\/\/3.bp.blogspot.com\/-dcxv-uv-wjY\/T98KhAsSw3I\/AAAAAAAAAEw\/aDGNgyI6RUw\/s1600\/frente+escuela.png\" height=\"190\" width=\"295\" \/><span style=\"font-family:Arial, Helvetica, sans-serif;font-size:small;\">El hecho de padecer una deficiencia no puede cerrar de antemano el porvenir de una persona, neg\u00e1ndole el acceso al futuro. Le corresponde a la educaci\u00f3n brindarle al sujeto la posibilidad de acceso a ese porvenir, a partir de una formaci\u00f3n coherente, completa e integral.<br \/>\nLa Municipalidad de Camilo Aldao ha iniciado el abordaje de los problemas comunitarios, redefiniendo las estrategias y metodolog\u00edas de las pol\u00edticas sociales educativas, culturales, econ\u00f3micas, etc.<br \/>\nEs por ello que el 11 de abril de l993 se inaugur\u00f3 el Centro Educativo Integral Camilo Aldao (CEICA) dependiendo de la Direcci\u00f3n de Institutos Privados de Ense\u00f1anza (DIPE) de la Provincia de C\u00f3rdoba, dedicado a la educaci\u00f3n de ni\u00f1os y j\u00f3venes con necesidades educativas especiales.<br \/>\nDesde sus primeros d\u00edas este Centro Educativo brinda los siguientes servicios;<\/span><br \/>\n[youtube http:\/\/www.youtube.com\/watch?v=9dZcvZIwMOk]<br \/>\n<span style=\"font-family:Arial, Helvetica, sans-serif;font-size:small;\">&#8211; Nivel Inicial<br \/>\nEstimulaci\u00f3n Temprana el equipo de profesionales brinda asistencia a beb\u00e9s desde sus primeros d\u00edas de vida hasta los tres a\u00f1os de edad, que presentaran cuadros patol\u00f3gicos de origen biol\u00f3gico como as\u00ed tambi\u00e9n a beb\u00e9s comprendidos en la categorizaci\u00f3n de &#8220;alto riesgo&#8221;, sensoriales, sociales (desnutrici\u00f3n, abandono materno, etc.) que alteraran su desarrollo evolutivo.<br \/>\nPsicopedagog\u00eda Inicial; asistencia a ni\u00f1os desde los tres a cinco a\u00f1os de edad, recibiendo apoyo psicopedag\u00f3gico a trav\u00e9s del juego, con el fin de prevenir complicaciones futuras.<br \/>\nNivel Primario; Se brinda asistencia a ni\u00f1os de diversas patolog\u00edas (deficiencia mental leve, trastornos de personalidad, s\u00edndrome de down, trastornos psicomotores) recibiendo los contenidos de las disciplinas de la EGB de modalidad especial.<\/span><\/p>\n<p><span style=\"font-family:Arial, Helvetica, sans-serif;font-size:small;\">&#8211; Nivel Medio<br \/>\nCiclo B\u00e1sico Unificado (C.B.U.) se brinda asistencia a adolescentes con deficiencia mental leve y moderada, los Proyectos Curriculares abarcan contenidos de la Educaci\u00f3n General B\u00e1sica (EGB) se inician en una Formaci\u00f3n Polivalente en Educaci\u00f3n Tecnol\u00f3gica desarrollando los contenidos en un eje transversal en los Proyectos de Elaboraci\u00f3n de Dulces y Papel Artesanal, desarrollando as\u00ed en los adolescentes competencias necesarias para el futuro desenvolvimiento laboral.<br \/>\nCiclo de especializaci\u00f3n (CE) los j\u00f3venes reciben orientaci\u00f3n y formaci\u00f3n laboral, cuando llegan al CE han adquirido los contenidos b\u00e1sicos y en esta etapa del Nivel Medio podr\u00e1n profundizarlos y aplicarlos a situaciones cotidianas concretas surgidas de los proyectos propuestos y que pueden ser transferidos a otras situaciones concretas de trabajo, con el objetivo de lograr as\u00ed una formaci\u00f3n integral y polivalente.<br \/>\nDesde el a\u00f1o 2006-2007 se implementa un Proyecto de Pasant\u00edas Laborales en distintos comercios y empresas de nuestra comunidad.<br \/>\nTodos los grupos escolares reciben Educaci\u00f3n F\u00edsica y computaci\u00f3n como recurso educativo. Gabinete Psicopedag\u00f3gico; esta integrado por distintos profesionales; Psicopedagoga, Psic\u00f3loga, Terap\u00edsta Ocupacional. Implementan anualmente diversas acciones dentro de la Escuela Especial y en las distintas escuelas de nuestra comunidad.<br \/>\nSe contin\u00faa con el Servicio de Apoyo a la Diversidad en la Escuela Com\u00fan contando para ello con una docente de apoyo a la diversidad que asiste a ni\u00f1os en el nivel inicial , primer y segundo ciclo de EGB. Desde el a\u00f1o 2000 contamos con una Profesora de Ciegos y Disminuidos visuales para acompa\u00f1ar la integraci\u00f3n de ni\u00f1os ciegos en la escolaridad com\u00fan en el nivel inicial, primario y medio.<br \/>\nEste proyecto se implementa conjuntamente con el gabinete psicopedag\u00f3gico.<\/span><\/p>\n<p><span style=\"font-family:Arial, Helvetica, sans-serif;font-size:small;\">Cada uno de los Proyectos que se implementan en el Centro Educativo tiene como objetivo el desarrollo integral de los alumnos con necesidades educativas especiales, su integraci\u00f3n social y comunitaria.<\/span><\/p>\n","protected":false},"excerpt":{"rendered":"<p>Centro Educativo Integral Camilo Aldao ALBUM DE FOTOS El hecho de padecer una deficiencia no puede cerrar de antemano el porvenir de una persona, neg\u00e1ndole el acceso al futuro. Le corresponde a la educaci\u00f3n brindarle al sujeto la posibilidad de acceso a ese porvenir, a partir de una formaci\u00f3n coherente, [&hellip;]<\/p>\n","protected":false},"author":1,"featured_media":0,"parent":200,"menu_order":0,"comment_status":"open","ping_status":"open","template":"","meta":{"footnotes":""},"class_list":["post-216","page","type-page","status-publish","hentry"],"_links":{"self":[{"href":"https:\/\/camiloaldaoweb.com.ar\/index.php?rest_route=\/wp\/v2\/pages\/216","targetHints":{"allow":["GET"]}}],"collection":[{"href":"https:\/\/camiloaldaoweb.com.ar\/index.php?rest_route=\/wp\/v2\/pages"}],"about":[{"href":"https:\/\/camiloaldaoweb.com.ar\/index.php?rest_route=\/wp\/v2\/types\/page"}],"author":[{"embeddable":true,"href":"https:\/\/camiloaldaoweb.com.ar\/index.php?rest_route=\/wp\/v2\/users\/1"}],"replies":[{"embeddable":true,"href":"https:\/\/camiloaldaoweb.com.ar\/index.php?rest_route=%2Fwp%2Fv2%2Fcomments&post=216"}],"version-history":[{"count":0,"href":"https:\/\/camiloaldaoweb.com.ar\/index.php?rest_route=\/wp\/v2\/pages\/216\/revisions"}],"up":[{"embeddable":true,"href":"https:\/\/camiloaldaoweb.com.ar\/index.php?rest_route=\/wp\/v2\/pages\/200"}],"wp:attachment":[{"href":"https:\/\/camiloaldaoweb.com.ar\/index.php?rest_route=%2Fwp%2Fv2%2Fmedia&parent=216"}],"curies":[{"name":"wp","href":"https:\/\/api.w.org\/{rel}","templated":true}]}}