{"id":203,"date":"2012-10-20T00:17:45","date_gmt":"2012-10-20T00:17:45","guid":{"rendered":"http:\/\/camiloaldao.wordpress.com\/?page_id=203"},"modified":"2012-10-20T00:17:45","modified_gmt":"2012-10-20T00:17:45","slug":"centro-educativo-juan-bautista-alberdi","status":"publish","type":"page","link":"https:\/\/camiloaldaoweb.com.ar\/?page_id=203","title":{"rendered":"C.E.J.B.A."},"content":{"rendered":"<div align=\"left\">\n<p><strong>CENTRO EDUCATIVO JUAN BAUTISTA ALBERDI<\/strong><\/p>\n<\/div>\n<p><span style=\"font-family:Arial, Helvetica, sans-serif;font-size:small;\"><img fetchpriority=\"high\" decoding=\"async\" class=\"alignleft\" alt=\"\" src=\"http:\/\/www.camiloaldao.gov.ar\/Educacion-Popus\/Imagenes\/CEJBA01.jpg\" height=\"254\" width=\"346\" \/><\/span><span style=\"font-family:Arial, Helvetica, sans-serif;font-size:small;\">En el pueblo de Camilo Aldao, ubicado en la parte Sudeste de la Provincia de C\u00f3rdoba, Dpto. Marcos Ju\u00e1rez, vecino a las localidades de Corral de Bustos y Los Surgentes y sobre la ruta Provincial Nro 12, se encuentra edificada en terreno donado por la Sucesi\u00f3n &#8220;Camilo Aldao&#8221;, la Escuela Fiscal &#8220;Juan Bautista Alberdi&#8221;.<br \/>\nA 21 d\u00edas del mes de julio de 1897 el inspector escolar Oviedo de la primera Secci\u00f3n dio por terminada su visita a la &#8220;escuela Rural Mixta&#8221; comenzada el d\u00eda 20 <\/span><span style=\"font-family:Arial, Helvetica, sans-serif;font-size:small;\">del corriente mes y a\u00f1o despu\u00e9s de la lectura de las instrucciones dejadas. Por entonces ocupaba el edificio, propiedad de don Jes\u00fas Mur\u00faa, que corresponde a la esquina ubicada frente a la Municipalidad Actual. Era un solo sal\u00f3n &#8220;c\u00f3modo y bien ventilado&#8221; de 12 m. x 5 m. La escuela contaba con 20 bancos tejerina de los cuales algunos requer\u00edan reparaciones.<br \/>\nEn el acta del 20\/10\/1898 el inspector Castillo propone para la Escuela Rural Mixta la creaci\u00f3n del Museo Escolar, firmando el acta de conformidad el primer Director Anastasio G. L\u00f3pez.<br \/>\nEn el a\u00f1o 1904 la escuela se encuentra bajo la Direcci\u00f3n de la Sra. Mar\u00eda Isabel de Granado, el n\u00famero de alumnos alcanza a 67 varones y 90 mujeres.<br \/>\nEn el a\u00f1o 1906 dada la importancia del pueblo donde estaba ubicada el n\u00famero de alumnos al que hab\u00eda llegado la matr\u00edcula (148 alumnos de ambos sexos), el inspector Castillo, dice que la escuela merece ser elevada sin p\u00e9rdida de tiempo a la categor\u00eda de elemental.<br \/>\nEn el a\u00f1o 1907, se eleva a la categor\u00eda de Elemental y, en ese mismo a\u00f1o, en el mes de junio, la Comisi\u00f3n Escolar tramita la construcci\u00f3n de un nuevo edificio.<br \/>\nLas gestiones que se iniciaron en el a\u00f1o 1923, se hicieron realidad en el mes de Mayo de 1924, ya que el pueblo fue incluido por decreto, entre los que contar\u00edan con un Edificio Fiscal.<br \/>\nEn 1926 pas\u00f3 la escuela bajo la direcci\u00f3n de la Sra. Mar\u00eda Rosa Oviedo de Pedemonte, con el t\u00edtulo de Maestra Normal Nacional. La inscripci\u00f3n ese a\u00f1o alcanz\u00f3 a 220 alumnos de ambos sexos, cifra que no disminuy\u00f3 hasta alcanzar en 1939 a 406 alumnos. Cuentan en el a\u00f1o 1926 con 210 varones y 175 mujeres que forman un total de 385 alumnos.<br \/>\nEn 1927 se inaugura el nuevo edificio que consta de tres aulas, galer\u00eda, museo y casa habitaci\u00f3n para el director y ba\u00f1os. El patio era de tierra, luego se coloc\u00f3 un tejido de dos metros de alto, rodeando el terreno.<br \/>\nEl 13 de Marzo de 1928, el Honorable Consejo autoriza llamarla &#8220;Juan Bautista Alberdi&#8221;, y el 3 de Septiembre de 1938, se la asciende a Primera Categor\u00eda.<br \/>\nAl seguir cronol\u00f3gicamente &#8220;buscando la historia&#8221;, en los libros de Actas de Inspecci\u00f3n, en octubre de 1929, se nos presentan los grandes cambios producidos en la escuela: Matr\u00edcula 305 alumnos. Edificio en que funcionaba la escuela de propiedad fiscal de los de nuevo estilo, manteni\u00e9ndola en perfectas condiciones de conservaci\u00f3n y aseo. Libros de Direcci\u00f3n reglamentarios, prolijos y en orden.<br \/>\nEn el a\u00f1o 1933 un grupo de vecinos funda la Cooperadora Escolar y luego se agregan la Comisi\u00f3n de Damas y Ex-alumnos. La Comisi\u00f3n Cooperadora perdura hasta nuestros d\u00edas, cumpliendo tareas de ayuda y protecci\u00f3n para los ni\u00f1os que asisten a la escuela.<br \/>\nLa Sra. Directora M. Rosa O. B. de Pedemonte (Tota) con un ecomiable esfuerzo hab\u00eda fundado una biblioteca &#8220;Domingo F. Sarmiento&#8221; que contaba con 334 vol\u00f3menes.<br \/>\nEl recuerdo de la &#8220;Sra. Tota&#8221; frente a la escuela Fiscal merece que se transcriba textual el concepto de un inspector que, en noviembre de 1938 dej\u00f3 escrito: &#8220;Al suscripto le cabe la satisfacci\u00f3n de dejar expresa constancia de la organizaci\u00f3n general del establecimiento educacional, que no obstante actuar en un medio aislado, por cuanto el pueblo carece de v\u00eda f\u00f3rrea, se destaca por su eficiencia educativa y social y no considera caer en la exageraci\u00f3n al calificarlo como un establecimiento modelo. Con la constante preocupaci\u00f3n de su directora secundada eficazmente por un personal capacitado y entusiasta se ha llegado a la organizaci\u00f3n actual&#8221;.<br \/>\nEl 20 de junio de 1947, la Cooperadora de la Escuela &#8220;Juan B. Alberdi&#8221; inaugur\u00f3 la erecci\u00f3n del m\u00e1stil de 24 metros, en el patio de la escuela siendo en ese momento el &#8220;primer m\u00e1stil que se levantaba en la localidad&#8221;. Fue una gran celebraci\u00f3n escolar a la que asisti\u00f3 el Ministro de Gobierno e Instrucci\u00f3n P\u00fablica Dr. Horacio Almada con la presencia de m\u00e1s de 400 alumnos por esa &#8220;poca matriculados.<br \/>\nEn el per\u00edodo 1946\/73 la Direcci\u00f3n del establecimiento estuvo a cargo de Miguel Carabajal Olmos, H\u00e9ctor Le\u00f3n Sipowiez, Mar\u00eda Estela de Soria, N\u00e9stor E. Ubal, Julia M. Eskenazi y N\u00e9lida D. de Lasa. Cada uno de ellos imprimi\u00f3 su marca particular a la Direcci\u00f3n, determinada por sus personalidades donde se un\u00edan responsabilidad, sensibilidad, gran amor a la docencia y a la escuela.<br \/>\nEn el a\u00f1o 1962 naci\u00f3 la idea de crear un &#8220;Jard\u00edn de Infantes &#8220;. La Sra N\u00e9lida de Lasa, directora de la escuela primaria, expres\u00f3 la solicitud y por autorizaci\u00f3n de la Sra. Inspectora Eve de Arroyabe, se concret\u00f3 el proyecto. Ersi Zahnd de Mor\u00f3n, fue su primera directora; el 9 de mayo de 1975 qued\u00f3 oficializado por la Sra. Inspectora Zulema Nac\u00f3n de Fabbri. Transcurrieron los a\u00f1os, la Sra. de Mor\u00f3n se retir\u00f3 para acogerse a los beneficios de la jubilaci\u00f3n, y ocup\u00f3 entonces su lugar como Directora Interina la Sra. Mar\u00eda Esther Racca de Cupellino.<br \/>\nDebido al crecimiento del jard\u00edn, el aula que la escuela prest\u00f3 gentilmente comenz\u00f3 a resultar peque\u00f1a; as\u00ed fue como se hizo necesario realizar gestiones para lograr el nuevo edificio que se inaugur\u00f3 el 15 de noviembre de 1979.<br \/>\nEn 1971 el Club de Leones de nuestra localidad hizo entrega a la Directora Sra. N\u00e9lida de Lasa de tres aulas luminosas y modernas y en 1973 colabora pagando los sueldos del profesor de Educaci\u00f3n F\u00edsica.<br \/>\nEn el a\u00f1o 1975 funcion\u00f3 una Escuela de Complementaci\u00f3n, asist\u00edan alumnos con dificultades y adem\u00e1s la Escuela de Conducci\u00f3n preparaba a las maestras normales en las materias del Nuevo Profesorado para la Escuela Primaria.<br \/>\nEn 1981 se construy\u00f3 el patio cubierto y el nuevo grupo sanitario: escuela moderna y cambiante, y en 1982 el play\u00f3n polideportivo, con la ayuda de la Municipalidad m\u00e1s el esfuerzo y la colaboraci\u00f3n de la Cooperadora Escolar.<br \/>\nLos cambios que se producen en la estructura misma de la vida social requieren todo un nuevo enfoque educacional que se adapte a estas circunstancias.<br \/>\nDentro de la ense\u00f1anza la educaci\u00f3n no pierde los principios de formaci\u00f3n &#8220;social e individualizaci\u00f3n&#8221;.<br \/>\nLas nuevas orientaciones se vuelven globalizadas y din\u00e1micas, surge la &#8220;Escuela Activa&#8221; con sus trabajos en equipos, convirtiendo las aulas en talleres y laboratorios, sin dejar de cumplir el objetivo espec\u00edfico, &#8220;La Formaci\u00f3n Integral del Ni\u00f1o&#8221;.<br \/>\nA\u00f1o 1983. Se inicia esta nueva d\u00e9cada escolar con las esperanzas cifradas en el retorno de la &#8220;democracia&#8221; tras largos y dif\u00edciles a\u00f1os de autoritarismo militar.<br \/>\nUna vez m\u00e1s la civilidad ha alcanzado el poder. La imagen de un Estado providente se plasma en el desarrollo de un programa de alfabetizaci\u00f3n masiva, abri\u00e9ndose los canales para discutir, contenidos y formas pedag\u00f3gicas.<br \/>\nSurge en la instituci\u00f3n la necesidad de revalorizar la cultura y la educaci\u00f3n en su justa medida; aceptar la idea de una escuela diversa, luchar por una \u00e9tica ciudadana, tarea que no es privacidad del gobierno.<br \/>\nEn el a\u00f1o 1984 el Gobierno de la Provincia de C\u00f3rdoba crea el PLAN P.A.I.Cor, instal\u00e1ndose el comedor escolar en 1985, proporcionando copa de leche y almuerzo diario.<br \/>\nEn 1987, la Municipalidad colabora para la ampliaci\u00f3n del &#8220;ANTIGUO JARDINCITO&#8221;, que hac\u00eda de comedor. Funciona hoy d\u00eda a cargo de N\u00e9lida Gronsky como cocinera y Ana Mar\u00eda Castillo como mucama, bajo la Direcci\u00f3n de la Sra. Mar\u00eda Isabel Lattanzi de Scolari.<br \/>\nDesde 1974 hasta hoy ejercieron el cargo de Directores: Vilma T. de Bisio; Apolonia Bonansea; A\u00edda M. Pellizaro de Bainotti; Mar\u00eda Esther Paulazzo de Rojas; Myrna Bonansea; Mar\u00eda I. Lattanzi de Scolari.<br \/>\nLas docentes que accedieron a la Direcci\u00f3n y Vice-Direcci\u00f3n lo hicieron por mayor antiguedad o por concurso, pero siempre con anterioridad fueron maestras en la escuela.<br \/>\nDesde 1990 se comienza con encuentros intercolegiales de Atletismo y Mini-voley &#8220;Proyectos Integrados&#8221;, apunta fundamentalmente a propiciar en todos los ni\u00f1os la posibilidad de participaci\u00f3n, integr\u00e1ndolos socialmente y tomando conciencia que &#8220;todos pueden y todos deben&#8221;, sin remarcar diferencias por resultados, ni crear resentimientos personales ni institucionales.<br \/>\nEn el a\u00f1o 1993 se realiza la obra de &#8220;Gas Natural&#8221; para todo el local escolar a cargo de la Cooperadora Escolar y con ayuda del gobierno Municipal bas\u00e1ndose en la ley de Descentralizaci\u00f3n. El medidor y regulador fueron otorgados por la Coop. De Prov. de Electricidad, otros Servicios P\u00fabl. Y Vivienda Limitada de Camilo Aldao.<br \/>\nEn el a\u00f1o 1994 se comenz\u00f3 el proyecto &#8220;CHATTER BOX&#8221; ya que ser bilingue es una necesidad del habitante del Cosmos del a\u00f1o 2000. La escuela participa en Olimp\u00edadas Matem\u00e1tica, llegando los concursantes a instancias Nacionales. Ponemos en marcha el Proyecto &#8220;Crecer Creando&#8221;, con la idea de insertar al Centro Educativo en la tecnolog\u00eda actual y como recurso did\u00e1ctico en la tarea docente.<br \/>\nTambi\u00e9n en el mismo a\u00f1o, motivados por el CENTENARIO de nuestro pueblo se llev\u00f3 a cabo, logrando singular brillo y la total adhesi\u00f3n de nuestra localidad, hasta nuestros d\u00edas, la Primera Feria de las Colectividades: &#8220;FORJADORES DE ESPERANZA&#8221;.<br \/>\nEn 1995 otro Proyecto &#8220;El Folklore en la Escuela&#8221;, para consolidar el amor a sus ra\u00edces y a su Patria, tendiendo al logro de la Identidad Nacional. En la actualidad el mismo se realiza en contraturno para alumnos de 4to, 5to y 6to grado.<br \/>\nEn 1995 nuestra escuela queda enmarcada en el &#8220;PLAN SOCIAL EDUCATIVO&#8221;, gestado desde el Ministerio de Cultura y Educaci\u00f3n de la Naci\u00f3n, se concreta a trav\u00e9s de estos programas una &#8220;Mejor Educaci\u00f3n para Todos&#8221;, mejorando la calidad educativa y brindando igualdad de oportunidades.<br \/>\nEn el a\u00f1o 1996 &#8220;A\u00d1O DEL CENTENARIO DE NUESTRA ESCUELA&#8221;, se escribe el libro: &#8220;Campanas de Recuerdos, de Emociones, de Esperanzas&#8221;, libro que encierra cien a\u00f1os de esfuerzo tesonero y constante de quienes integran la historia de HOY CENTRO EDUCATIVO &#8220;JUAN BAUTISTA ALBERDI&#8221;.<br \/>\nConstruy\u00f3 tambi\u00e9n en este a\u00f1o &#8220;la vereda&#8221; que rodea todo el edificio escolar con el esfuerzo de toda la Comunidad Educativa, bajo la organizaci\u00f3n de la Sociedad Cooperadora.<br \/>\nEn d\u00eda del Acto Central del CENTENARIO de nuestra escuela, 20 de julio de 1997, se da por inaugurada &#8220;La Verja&#8221; en el frente de la escuela con un esquinero de ladrillos en el cual qued\u00f3 enmarcado el distintivo de la escuela con una placa que dice: &#8220;Obra ejecutada por el Ministerio de Cultura y Educaci\u00f3n de la Naci\u00f3n. Instituto Nacional de Cr\u00e9dito Educativo para la igualdad de oportunidades otorgadas al Centro Educativo &#8220;Juan Bautista Alberdi&#8221; en el a\u00f1o de su Centenario&#8221;.<br \/>\nPara el final&#8221;<br \/>\n&#8220;Escuela te alzaste imponente hace a\u00f1os en esta comunidad, primero chiquita, pero con el tiempo creciste y tuviste tu propio edificio. Transitaron por tus aulas gran cantidad de ni\u00f1os que fueron transformados en Hombres y Mujeres de bien para nuestro pueblo, gracias al amor y abnegaci\u00f3n que les brindaron los innumerables directores y docentes que cobijaste durante todo este tiempo. Acompa\u00f1ando tu crecimiento hubo gente generosa, desinteresada, cuidadosa de la escuela y de sus hijos, desarrollando una intensa labor en la Cooperadora Escolar. Padres que conjugando el verbo COOPERAR, colaboraron en parte a alcanzar los peque\u00f1os logros cotidianos.<br \/>\nNosotros los actuales actores educativos, agradecemos a nuestros predecesores por habernos dejado sus obras como ejemplo, prometemos trabajar mirando hacia el futuro para seguir haciendo, de \u00e9sta, nuestra querida ESCUELA, ese hogar donde nuestros alumnos no s\u00f3lo encuentren los dogmas para cultivar sus mentes sino el amor que fortalezca sus esp\u00edritus&#8221;.<br \/>\nPareciera que la historia debe concluir para poder asomarnos al presente, al que cuando se sumen a\u00f1os tambi\u00e9n ser\u00e1 &#8220;La Historia.<\/span><\/p>\n<p><span style=\"font-family:Arial, Helvetica, sans-serif;font-size:small;\"><br \/>\n<span style=\"font-size:large;\"><strong>Nuestro Distintivo<\/strong><\/span><\/span><\/p>\n<p><strong><span style=\"font-family:Arial, Helvetica, sans-serif;font-size:large;\"><img decoding=\"async\" class=\"alignleft\" alt=\"\" src=\"http:\/\/www.camiloaldao.gov.ar\/Educacion-Popus\/Imagenes\/Escudo=Fiscal.jpg\" height=\"192\" width=\"193\" \/><\/span><\/strong><span style=\"font-family:Arial, Helvetica, sans-serif;font-size:small;\">Su origen En el a\u00f1o 1992 nuestra escuela no ten\u00eda distintivo, por iniciativa de la Sra Ang\u00e9lica O. Porzzio de Ch\u00edo se convoc\u00f3 a los alumnos del establecimiento para idearlo y fue as\u00ed que se eligi\u00f3 el realizado por Patricia Pogliano de 7mo grado.<\/span><\/p>\n<p><span style=\"font-family:Arial, Helvetica, sans-serif;font-size:small;\">Su significado<br \/>\nLa escuela protectora del saber, est\u00e1 situada sobre un verde prado, s\u00edmbolo de la esperanza.<br \/>\nEl sol significa la vida y sus rayos iluminan nuestra mente abierta a la sabidur\u00eda. El libro fuente de todo saber, es arma valiosa de toda persona culta.<br \/>\nEl tintero con la pluma simboliza el instrumento que nos permite plasmar nuestros conocimientos.<\/span><\/p>\n<p><span style=\"font-family:Arial, Helvetica, sans-serif;font-size:small;\"><br \/>\n<span style=\"font-size:medium;\"><strong>&#8211; Jard\u00edn de Infantes &#8220;Juan Bautista Alberdi&#8221;<\/strong><\/span><\/span><\/p>\n<p><span style=\"font-family:Arial, Helvetica, sans-serif;font-size:small;\">Datos Hist\u00f3rico<br \/>\n&#8211; 1982 Se inaugura el Jard\u00edn de Infantes &#8220;Juan Bautista Alberdi&#8221; funcionando en el Centro Educativo &#8220;Juan Bautista Alberdi&#8221;, por iniciativa de la Se\u00f1ora N\u00e9lida Dalgalarando de Lasa.<br \/>\n&#8211; 1979 Se inaugura el edificio propio.<br \/>\n&#8211; 1986 El Jard\u00edn cont\u00f3 con dos Salas de 5 a\u00f1os.<br \/>\n&#8211; 1989 Se inaugura una nueva Sala.<br \/>\n&#8211; 1997 Se cuenta con tres Salas de 5 a\u00f1os y luego uno de los cargos fue reconvertido para la Sala de 4 a\u00f1os.<br \/>\n&#8211; 2006 Se inaugura la Sala de 3 a\u00f1os con la ayuda de la Municipalidad.<br \/>\n&#8211; 2007 El Jard\u00edn cuenta con dos Salas de 5 a\u00f1os, turno ma\u00f1ana y tarde; dos Salas de 4 a\u00f1os, turno ma\u00f1ana y tarde, y una Sala de 3 a\u00f1os y el Cargo Directivo queda libre de atenci\u00f3n p\u00falica.<\/span><\/p>\n<p><span style=\"font-family:Arial, Helvetica, sans-serif;font-size:small;\">Personal Titular que pas\u00f3 por sus aulas<br \/>\n&#8211; 1964 a 1976 Se\u00f1ora Ersi de Mor\u00f3n.<br \/>\n&#8211; 1977 a 1988 Sra. Mary Racca.<br \/>\n&#8211; 1986 a 2003 Sra. Eda Stanich.<br \/>\n&#8211; 1988 Sra. Mar\u00eda Elena Gasparini, Sra. Olga Catiba.<br \/>\n&#8211; 2005 Sra. Edith Gallarato.<\/span><\/p>\n<p><span style=\"font-family:Arial, Helvetica, sans-serif;font-size:small;\">Personal suplente e interino que se desempe\u00f1o entre los a\u00f1os 1988 y 2007.<br \/>\n&#8211; Sra. Clara Zuli\u00e1n.<br \/>\n&#8211; Sra. Mar\u00eda Eugenia Bacelli<br \/>\n&#8211; Srta. Anal\u00eda T\u00e1is<br \/>\n&#8211; Sra. Alejandra Favor<br \/>\n&#8211; Srta. Natalia Zuli\u00e1n<br \/>\n&#8211; Sra. Andrea Chianti<br \/>\n&#8211; Srta. Mar\u00eda Soledad Villarroel<br \/>\n&#8211; Srta. Lorena Aguilera, en contrato de comodato con la Municipalidad durante el a\u00f1o 2006 y con apoyo de la Cooperadora del Jard\u00edn, en la Sala de 3 a\u00f1os.<\/span><\/p>\n","protected":false},"excerpt":{"rendered":"<p>CENTRO EDUCATIVO JUAN BAUTISTA ALBERDI En el pueblo de Camilo Aldao, ubicado en la parte Sudeste de la Provincia de C\u00f3rdoba, Dpto. Marcos Ju\u00e1rez, vecino a las localidades de Corral de Bustos y Los Surgentes y sobre la ruta Provincial Nro 12, se encuentra edificada en terreno donado por la [&hellip;]<\/p>\n","protected":false},"author":1,"featured_media":0,"parent":200,"menu_order":0,"comment_status":"open","ping_status":"open","template":"","meta":{"footnotes":""},"class_list":["post-203","page","type-page","status-publish","hentry"],"_links":{"self":[{"href":"https:\/\/camiloaldaoweb.com.ar\/index.php?rest_route=\/wp\/v2\/pages\/203","targetHints":{"allow":["GET"]}}],"collection":[{"href":"https:\/\/camiloaldaoweb.com.ar\/index.php?rest_route=\/wp\/v2\/pages"}],"about":[{"href":"https:\/\/camiloaldaoweb.com.ar\/index.php?rest_route=\/wp\/v2\/types\/page"}],"author":[{"embeddable":true,"href":"https:\/\/camiloaldaoweb.com.ar\/index.php?rest_route=\/wp\/v2\/users\/1"}],"replies":[{"embeddable":true,"href":"https:\/\/camiloaldaoweb.com.ar\/index.php?rest_route=%2Fwp%2Fv2%2Fcomments&post=203"}],"version-history":[{"count":0,"href":"https:\/\/camiloaldaoweb.com.ar\/index.php?rest_route=\/wp\/v2\/pages\/203\/revisions"}],"up":[{"embeddable":true,"href":"https:\/\/camiloaldaoweb.com.ar\/index.php?rest_route=\/wp\/v2\/pages\/200"}],"wp:attachment":[{"href":"https:\/\/camiloaldaoweb.com.ar\/index.php?rest_route=%2Fwp%2Fv2%2Fmedia&parent=203"}],"curies":[{"name":"wp","href":"https:\/\/api.w.org\/{rel}","templated":true}]}}