{"id":9379,"date":"2025-02-15T09:53:27","date_gmt":"2025-02-15T12:53:27","guid":{"rendered":"https:\/\/camiloaldaoweb.com.ar\/Guia\/?page_id=9379"},"modified":"2025-02-26T11:27:58","modified_gmt":"2025-02-26T14:27:58","slug":"inicio","status":"publish","type":"page","link":"https:\/\/camiloaldaoweb.com.ar\/Guia\/","title":{"rendered":"Guia Comercial"},"content":{"rendered":"\t\t<div data-elementor-type=\"wp-page\" data-elementor-id=\"9379\" class=\"elementor elementor-9379\" data-elementor-post-type=\"page\">\n\t\t\t\t\t\t<section class=\"elementor-section elementor-top-section elementor-element elementor-element-c56c1ae elementor-section-boxed elementor-section-height-default elementor-section-height-default\" data-id=\"c56c1ae\" data-element_type=\"section\" data-e-type=\"section\">\n\t\t\t\t\t\t<div class=\"elementor-container elementor-column-gap-default\">\n\t\t\t\t\t<div class=\"elementor-column elementor-col-100 elementor-top-column elementor-element elementor-element-e9d4654\" data-id=\"e9d4654\" data-element_type=\"column\" data-e-type=\"column\">\n\t\t\t<div class=\"elementor-widget-wrap elementor-element-populated\">\n\t\t\t\t\t\t<div class=\"elementor-element elementor-element-9286bbd elementor-grid-1 elementor-posts--align-center elementor-grid-tablet-2 elementor-grid-mobile-1 elementor-posts--thumbnail-top elementor-widget elementor-widget-posts\" data-id=\"9286bbd\" data-element_type=\"widget\" data-e-type=\"widget\" data-settings=\"{&quot;classic_columns&quot;:&quot;1&quot;,&quot;classic_columns_tablet&quot;:&quot;2&quot;,&quot;classic_columns_mobile&quot;:&quot;1&quot;,&quot;classic_row_gap&quot;:{&quot;unit&quot;:&quot;px&quot;,&quot;size&quot;:35,&quot;sizes&quot;:[]},&quot;classic_row_gap_tablet&quot;:{&quot;unit&quot;:&quot;px&quot;,&quot;size&quot;:&quot;&quot;,&quot;sizes&quot;:[]},&quot;classic_row_gap_mobile&quot;:{&quot;unit&quot;:&quot;px&quot;,&quot;size&quot;:&quot;&quot;,&quot;sizes&quot;:[]}}\" data-widget_type=\"posts.classic\">\n\t\t\t\t<div class=\"elementor-widget-container\">\n\t\t\t\t\t\t\t<div class=\"elementor-posts-container elementor-posts elementor-posts--skin-classic elementor-grid\" role=\"list\">\n\t\t\t\t<article class=\"elementor-post elementor-grid-item post-9781 post type-post status-publish format-standard has-post-thumbnail hentry category-guia-comercial\" role=\"listitem\">\n\t\t\t\t<a class=\"elementor-post__thumbnail__link\" href=\"https:\/\/camiloaldaoweb.com.ar\/Guia\/?p=9781\" tabindex=\"-1\" >\n\t\t\t<div class=\"elementor-post__thumbnail\"><img fetchpriority=\"high\" decoding=\"async\" width=\"361\" height=\"300\" src=\"https:\/\/camiloaldaoweb.com.ar\/Guia\/wp-content\/uploads\/2026\/04\/BEC-BANNERS_361x300.gif\" class=\"attachment-full size-full wp-image-9782\" alt=\"\" \/><\/div>\n\t\t<\/a>\n\t\t\t\t<div class=\"elementor-post__text\">\n\t\t\t\t<h3 class=\"elementor-post__title\">\n\t\t\t<a href=\"https:\/\/camiloaldaoweb.com.ar\/Guia\/?p=9781\" >\n\t\t\t\tBOLETO EDUCATIVO GRATUITO\t\t\t<\/a>\n\t\t<\/h3>\n\t\t\t\t<div class=\"elementor-post__meta-data\">\n\t\t\t\t\t<span class=\"elementor-post-date\">\n\t\t\t11\/04\/2026\t\t<\/span>\n\t\t\t\t<\/div>\n\t\t\t\t<div class=\"elementor-post__excerpt\">\n\t\t\t\t\t<\/div>\n\t\t\t\t<\/div>\n\t\t\t\t<\/article>\n\t\t\t\t<article class=\"elementor-post elementor-grid-item post-9762 post type-post status-publish format-standard has-post-thumbnail hentry category-guia-comercial\" role=\"listitem\">\n\t\t\t\t<a class=\"elementor-post__thumbnail__link\" href=\"https:\/\/camiloaldaoweb.com.ar\/Guia\/?p=9762\" tabindex=\"-1\" >\n\t\t\t<div class=\"elementor-post__thumbnail\"><img decoding=\"async\" width=\"1024\" height=\"1024\" src=\"https:\/\/camiloaldaoweb.com.ar\/Guia\/wp-content\/uploads\/2026\/03\/WhatsApp-Image-2026-03-12-at-11.30.05.jpeg\" class=\"attachment-full size-full wp-image-9763\" alt=\"\" srcset=\"https:\/\/camiloaldaoweb.com.ar\/Guia\/wp-content\/uploads\/2026\/03\/WhatsApp-Image-2026-03-12-at-11.30.05.jpeg 1024w, https:\/\/camiloaldaoweb.com.ar\/Guia\/wp-content\/uploads\/2026\/03\/WhatsApp-Image-2026-03-12-at-11.30.05-300x300.jpeg 300w, https:\/\/camiloaldaoweb.com.ar\/Guia\/wp-content\/uploads\/2026\/03\/WhatsApp-Image-2026-03-12-at-11.30.05-150x150.jpeg 150w, https:\/\/camiloaldaoweb.com.ar\/Guia\/wp-content\/uploads\/2026\/03\/WhatsApp-Image-2026-03-12-at-11.30.05-768x768.jpeg 768w, https:\/\/camiloaldaoweb.com.ar\/Guia\/wp-content\/uploads\/2026\/03\/WhatsApp-Image-2026-03-12-at-11.30.05-50x50.jpeg 50w\" sizes=\"(max-width: 1024px) 100vw, 1024px\" \/><\/div>\n\t\t<\/a>\n\t\t\t\t<div class=\"elementor-post__text\">\n\t\t\t\t<h3 class=\"elementor-post__title\">\n\t\t\t<a href=\"https:\/\/camiloaldaoweb.com.ar\/Guia\/?p=9762\" >\n\t\t\t\tMec\u00e1nica EL CHUECO de Gabriel y Andr\u00e9s Rabbia\t\t\t<\/a>\n\t\t<\/h3>\n\t\t\t\t<div class=\"elementor-post__meta-data\">\n\t\t\t\t\t<span class=\"elementor-post-date\">\n\t\t\t17\/03\/2026\t\t<\/span>\n\t\t\t\t<\/div>\n\t\t\t\t<div class=\"elementor-post__excerpt\">\n\t\t\t<p>Cuando tu veh\u00edculo necesita confianza y experiencia, est\u00e1 Mec\u00e1nica El Chueco. Mec\u00e1nica en general, para veh\u00edculos di\u00e9sel, nafta y GNC. Trabajos en distribuci\u00f3n, inyecci\u00f3n electr\u00f3nica, reparaci\u00f3n de motores, embragues, frenos y mucho m\u00e1s.Adem\u00e1s, diagn\u00f3stico computarizado para detectar cada problema con precisi\u00f3n. Mec\u00e1nica El Chueco, en Libertad 430. Contactos:Andr\u00e9s Rabbia al 3468 640337y Gabriel Rabbia al 3468 515211. Mec\u00e1nica El Chueco. Experiencia y confianza para tu veh\u00edculo.&#8220;<\/p>\n\t\t<\/div>\n\t\t\t\t<\/div>\n\t\t\t\t<\/article>\n\t\t\t\t<article class=\"elementor-post elementor-grid-item post-9759 post type-post status-publish format-standard has-post-thumbnail hentry category-guia-comercial\" role=\"listitem\">\n\t\t\t\t<a class=\"elementor-post__thumbnail__link\" href=\"https:\/\/camiloaldaoweb.com.ar\/Guia\/?p=9759\" tabindex=\"-1\" >\n\t\t\t<div class=\"elementor-post__thumbnail\"><img decoding=\"async\" width=\"425\" height=\"261\" src=\"https:\/\/camiloaldaoweb.com.ar\/Guia\/wp-content\/uploads\/2026\/03\/Screenshot-2026-03-15-102722.png\" class=\"attachment-full size-full wp-image-9760\" alt=\"\" srcset=\"https:\/\/camiloaldaoweb.com.ar\/Guia\/wp-content\/uploads\/2026\/03\/Screenshot-2026-03-15-102722.png 425w, https:\/\/camiloaldaoweb.com.ar\/Guia\/wp-content\/uploads\/2026\/03\/Screenshot-2026-03-15-102722-300x184.png 300w\" sizes=\"(max-width: 425px) 100vw, 425px\" \/><\/div>\n\t\t<\/a>\n\t\t\t\t<div class=\"elementor-post__text\">\n\t\t\t\t<h3 class=\"elementor-post__title\">\n\t\t\t<a href=\"https:\/\/camiloaldaoweb.com.ar\/Guia\/?p=9759\" >\n\t\t\t\tLavadero El Fran \u2013 Atendido por Dardo V\u00e1zquez en la vieja ESSO\t\t\t<\/a>\n\t\t<\/h3>\n\t\t\t\t<div class=\"elementor-post__meta-data\">\n\t\t\t\t\t<span class=\"elementor-post-date\">\n\t\t\t15\/03\/2026\t\t<\/span>\n\t\t\t\t<\/div>\n\t\t\t\t<div class=\"elementor-post__excerpt\">\n\t\t\t<p>En Camilo Aldao, para el transporte y la maquinaria pesada, est\u00e1 Lavadero El Fran. Servicio de lavado para camiones, jaulas, vaqueros, chancheros, bateas, acoplados, tanques de combustible, motores y maquinarias agr\u00edcolas. Lavadero El Fran, de Dardo V\u00e1zquez y Francisco Rastelli. Ubicado detr\u00e1s de la vieja ESSO, entre Ruta 12 y Padre Di Lorenzo. Consultas y turnos las 24 horas. WhatsApp 3468 560180.Tel\u00e9fonos 3468 531185 y 3468 523475. Lavadero El Fran. Servicio de lavado para el transporte en Camilo Aldao.<\/p>\n\t\t<\/div>\n\t\t\t\t<\/div>\n\t\t\t\t<\/article>\n\t\t\t\t<article class=\"elementor-post elementor-grid-item post-9507 post type-post status-publish format-standard has-post-thumbnail hentry category-guia-comercial\" role=\"listitem\">\n\t\t\t\t<a class=\"elementor-post__thumbnail__link\" href=\"https:\/\/camiloaldaoweb.com.ar\/Guia\/?p=9507\" tabindex=\"-1\" >\n\t\t\t<div class=\"elementor-post__thumbnail\"><img loading=\"lazy\" decoding=\"async\" width=\"600\" height=\"400\" src=\"https:\/\/camiloaldaoweb.com.ar\/Guia\/wp-content\/uploads\/2022\/01\/depositphotos_8666759-stock-photo-hands-with-tools.webp\" class=\"attachment-full size-full wp-image-8312\" alt=\"\" srcset=\"https:\/\/camiloaldaoweb.com.ar\/Guia\/wp-content\/uploads\/2022\/01\/depositphotos_8666759-stock-photo-hands-with-tools.webp 600w, https:\/\/camiloaldaoweb.com.ar\/Guia\/wp-content\/uploads\/2022\/01\/depositphotos_8666759-stock-photo-hands-with-tools-300x200.webp 300w\" sizes=\"(max-width: 600px) 100vw, 600px\" \/><\/div>\n\t\t<\/a>\n\t\t\t\t<div class=\"elementor-post__text\">\n\t\t\t\t<h3 class=\"elementor-post__title\">\n\t\t\t<a href=\"https:\/\/camiloaldaoweb.com.ar\/Guia\/?p=9507\" >\n\t\t\t\tFERRETER\u00cdA EL PUEBLO DE OMAR BACELLI\t\t\t<\/a>\n\t\t<\/h3>\n\t\t\t\t<div class=\"elementor-post__meta-data\">\n\t\t\t\t\t<span class=\"elementor-post-date\">\n\t\t\t25\/02\/2026\t\t<\/span>\n\t\t\t\t<\/div>\n\t\t\t\t<div class=\"elementor-post__excerpt\">\n\t\t\t<p>\u00a1Ferreter\u00eda El Pueblo, de Omar Bacelli, tiene TODO lo que necesit\u00e1s! AHORA INCORPORAMOS LA MARCA DE M\u00c1QUINAS Y HERRAMIENTAS INGCO, AMOLADORAS, TALADROS, BORDEADORAS, CEPILLADORAS, HIDROLAVADORAS Y MUCHO MAS! ingcoherramientas.com.ar Construcci\u00f3n en seco y representante oficial de la l\u00ednea Sint\u00e9tico Sinlac.Termotanques de todos los modelos y medidas en bicapa y tricapa (300 y 500 litros).Accesorios en bronce y estribos hechos a medida de 4.2 mm y 6 mm de espesor.Mangueras de \u00bd\u201d, \u00be\u201d y 1\u201d, con y sin telas.TODO en electricidad: reflectores, cable unipolar en todos los colores; tanza preCable paralelo; cable TPR o taller en todas las medidas; media sombra; y, por supuesto, todo en tornillos y bulones.Aceites fraccionados para tu desmalezadora. \u00a1Ahora tambi\u00e9n contamos con TODO para agua y gas, adem\u00e1s de hierro y estructuras! Visitanos en General Paz 11503468 543019 &#8211; 551864Instagram: Ferreter\u00eda Bacelli FERRETER\u00cdA EL PUEBLO \u2013 \u00a1Calidad, variedad y el mejor precio en un solo lugar!<\/p>\n\t\t<\/div>\n\t\t\t\t<\/div>\n\t\t\t\t<\/article>\n\t\t\t\t<\/div>\n\t\t\n\t\t\t\t\t\t<\/div>\n\t\t\t\t<\/div>\n\t\t\t\t\t<\/div>\n\t\t<\/div>\n\t\t\t\t\t<\/div>\n\t\t<\/section>\n\t\t\t\t<\/div>\n\t\t","protected":false},"excerpt":{"rendered":"","protected":false},"author":1,"featured_media":0,"parent":0,"menu_order":0,"comment_status":"closed","ping_status":"closed","template":"","meta":{"footnotes":""},"class_list":["post-9379","page","type-page","status-publish","hentry"],"_links":{"self":[{"href":"https:\/\/camiloaldaoweb.com.ar\/Guia\/index.php?rest_route=\/wp\/v2\/pages\/9379","targetHints":{"allow":["GET"]}}],"collection":[{"href":"https:\/\/camiloaldaoweb.com.ar\/Guia\/index.php?rest_route=\/wp\/v2\/pages"}],"about":[{"href":"https:\/\/camiloaldaoweb.com.ar\/Guia\/index.php?rest_route=\/wp\/v2\/types\/page"}],"author":[{"embeddable":true,"href":"https:\/\/camiloaldaoweb.com.ar\/Guia\/index.php?rest_route=\/wp\/v2\/users\/1"}],"replies":[{"embeddable":true,"href":"https:\/\/camiloaldaoweb.com.ar\/Guia\/index.php?rest_route=%2Fwp%2Fv2%2Fcomments&post=9379"}],"version-history":[{"count":35,"href":"https:\/\/camiloaldaoweb.com.ar\/Guia\/index.php?rest_route=\/wp\/v2\/pages\/9379\/revisions"}],"predecessor-version":[{"id":9468,"href":"https:\/\/camiloaldaoweb.com.ar\/Guia\/index.php?rest_route=\/wp\/v2\/pages\/9379\/revisions\/9468"}],"wp:attachment":[{"href":"https:\/\/camiloaldaoweb.com.ar\/Guia\/index.php?rest_route=%2Fwp%2Fv2%2Fmedia&parent=9379"}],"curies":[{"name":"wp","href":"https:\/\/api.w.org\/{rel}","templated":true}]}}