{"id":6985,"date":"2019-11-19T19:34:36","date_gmt":"2019-11-19T22:34:36","guid":{"rendered":"http:\/\/camiloaldaoweb.com.ar\/Guia\/?page_id=6985"},"modified":"2019-11-19T19:34:37","modified_gmt":"2019-11-19T22:34:37","slug":"belleza-cosmetica-estetica","status":"publish","type":"page","link":"https:\/\/camiloaldaoweb.com.ar\/Guia\/?page_id=6985","title":{"rendered":"Belleza, Cosm\u00e9tica , Est\u00e9tica"},"content":{"rendered":"\n<div class=\"wp-block-image\"><figure class=\"alignleft is-resized\"><img decoding=\"async\" src=\"http:\/\/camiloaldaoweb.com.ar\/Guia\/wp-content\/uploads\/2019\/05\/index-1.jpg\" alt=\"http:\/\/camiloaldaoweb.com.ar\/Guia\/wp-content\/uploads\/2019\/05\/index-1.jpg\" width=\"210\" height=\"172\"\/><\/figure><\/div>\n\n\n\n<p>CENTRO DE EST\u00c9TICA ADARA de Jessica Cosani, te ofrece masajes  relajantes, descontracturantes. Cervicales. Masajes reductores. Drenaje  linf\u00e1tico manual. Tratamientos para celulitis. Peeling. Limpieza de  cutis. M\u00e1scaras descongestivas y drenantes. Depilaci\u00f3n descartable y  sistema roll on. CENTRO DE ESTETICA ADARA solicit\u00e1 tu turno al 15521882 o  en C\u00f3rdoba 555. <em>\u201c<strong>Luc\u00ed tu  belleza con actitud, estilo y pasi\u00f3n\u201d<\/strong><\/em>Seguinos en Instagram y Facebook ADARA <\/p>\n\n\n\n<script async src=\"\/\/pagead2.googlesyndication.com\/pagead\/js\/adsbygoogle.js\"><\/script>  <script>       (adsbygoogle = window.adsbygoogle || []).push({            google_ad_client: \"ca-pub-3325158522708718\",            enable_page_level_ads: true       });  <\/script>\n","protected":false},"excerpt":{"rendered":"<p>CENTRO DE EST\u00c9TICA ADARA de Jessica Cosani, te ofrece masajes relajantes, descontracturantes. Cervicales. Masajes reductores. Drenaje linf\u00e1tico manual. Tratamientos para [&hellip;]<\/p>\n","protected":false},"author":1,"featured_media":0,"parent":0,"menu_order":0,"comment_status":"closed","ping_status":"closed","template":"","meta":{"footnotes":""},"class_list":["post-6985","page","type-page","status-publish","hentry"],"_links":{"self":[{"href":"https:\/\/camiloaldaoweb.com.ar\/Guia\/index.php?rest_route=\/wp\/v2\/pages\/6985","targetHints":{"allow":["GET"]}}],"collection":[{"href":"https:\/\/camiloaldaoweb.com.ar\/Guia\/index.php?rest_route=\/wp\/v2\/pages"}],"about":[{"href":"https:\/\/camiloaldaoweb.com.ar\/Guia\/index.php?rest_route=\/wp\/v2\/types\/page"}],"author":[{"embeddable":true,"href":"https:\/\/camiloaldaoweb.com.ar\/Guia\/index.php?rest_route=\/wp\/v2\/users\/1"}],"replies":[{"embeddable":true,"href":"https:\/\/camiloaldaoweb.com.ar\/Guia\/index.php?rest_route=%2Fwp%2Fv2%2Fcomments&post=6985"}],"version-history":[{"count":1,"href":"https:\/\/camiloaldaoweb.com.ar\/Guia\/index.php?rest_route=\/wp\/v2\/pages\/6985\/revisions"}],"predecessor-version":[{"id":6986,"href":"https:\/\/camiloaldaoweb.com.ar\/Guia\/index.php?rest_route=\/wp\/v2\/pages\/6985\/revisions\/6986"}],"wp:attachment":[{"href":"https:\/\/camiloaldaoweb.com.ar\/Guia\/index.php?rest_route=%2Fwp%2Fv2%2Fmedia&parent=6985"}],"curies":[{"name":"wp","href":"https:\/\/api.w.org\/{rel}","templated":true}]}}