{"id":53,"date":"2013-05-21T20:00:42","date_gmt":"2013-05-21T23:00:42","guid":{"rendered":"http:\/\/camiloaldaoweb.com.ar\/Guia\/?page_id=53"},"modified":"2016-03-28T17:40:17","modified_gmt":"2016-03-28T20:40:17","slug":"parapsicologia","status":"publish","type":"page","link":"https:\/\/camiloaldaoweb.com.ar\/Guia\/?page_id=53","title":{"rendered":"Psicologia"},"content":{"rendered":"<p><strong><img decoding=\"async\" class=\"alignleft\" src=\"https:\/\/s3-media2.fl.yelpcdn.com\/bphoto\/Xkpjq8lNxZJ2Y2GLJsAVSg\/ls.jpg\" alt=\"https:\/\/s3-media2.fl.yelpcdn.com\/bphoto\/Xkpjq8lNxZJ2Y2GLJsAVSg\/ls.jpg\" width=\"175\" height=\"175\" \/>Ver\u00f3nica Gibelli<\/strong><br \/>\nPsic\u00f3loga<br \/>\nNi\u00f1os \u2013 Adolescentes \u2013 Adultos<\/p>\n<p><strong>Consultorio privado ubicado en Italia 1080<\/strong><br \/>\nCamilo Aldao<\/p>\n<p>Consultas al 03468 \u2013 15644393<\/p>\n<table border=\"0\" width=\"600\" cellspacing=\"0\" cellpadding=\"0\">\n<tbody>\n<tr>\n<td align=\"center\"><script src=\"\/\/pagead2.googlesyndication.com\/pagead\/js\/adsbygoogle.js\" async=\"\"><\/script><br \/>\n <!-- 728x90, creado 5\/03\/10 --><br \/>\n <ins class=\"adsbygoogle\" style=\"display: inline-block; width: 728px; height: 90px;\" data-ad-client=\"ca-pub-3325158522708718\" data-ad-slot=\"5826579187\"><\/ins><br \/>\n<script>\/\/ <![CDATA[\n(adsbygoogle = window.adsbygoogle || []).push({});\n\/\/ ]]><\/script><\/td>\n<\/tr>\n<\/tbody>\n<\/table>\n","protected":false},"excerpt":{"rendered":"<p>Ver\u00f3nica Gibelli Psic\u00f3loga Ni\u00f1os \u2013 Adolescentes \u2013 Adultos Consultorio privado ubicado en Italia 1080 Camilo Aldao Consultas al 03468 \u2013 [&hellip;]<\/p>\n","protected":false},"author":1,"featured_media":0,"parent":0,"menu_order":0,"comment_status":"open","ping_status":"open","template":"","meta":{"footnotes":""},"class_list":["post-53","page","type-page","status-publish","hentry"],"_links":{"self":[{"href":"https:\/\/camiloaldaoweb.com.ar\/Guia\/index.php?rest_route=\/wp\/v2\/pages\/53","targetHints":{"allow":["GET"]}}],"collection":[{"href":"https:\/\/camiloaldaoweb.com.ar\/Guia\/index.php?rest_route=\/wp\/v2\/pages"}],"about":[{"href":"https:\/\/camiloaldaoweb.com.ar\/Guia\/index.php?rest_route=\/wp\/v2\/types\/page"}],"author":[{"embeddable":true,"href":"https:\/\/camiloaldaoweb.com.ar\/Guia\/index.php?rest_route=\/wp\/v2\/users\/1"}],"replies":[{"embeddable":true,"href":"https:\/\/camiloaldaoweb.com.ar\/Guia\/index.php?rest_route=%2Fwp%2Fv2%2Fcomments&post=53"}],"version-history":[{"count":3,"href":"https:\/\/camiloaldaoweb.com.ar\/Guia\/index.php?rest_route=\/wp\/v2\/pages\/53\/revisions"}],"predecessor-version":[{"id":532,"href":"https:\/\/camiloaldaoweb.com.ar\/Guia\/index.php?rest_route=\/wp\/v2\/pages\/53\/revisions\/532"}],"wp:attachment":[{"href":"https:\/\/camiloaldaoweb.com.ar\/Guia\/index.php?rest_route=%2Fwp%2Fv2%2Fmedia&parent=53"}],"curies":[{"name":"wp","href":"https:\/\/api.w.org\/{rel}","templated":true}]}}