{"id":5222,"date":"2017-05-06T11:00:47","date_gmt":"2017-05-06T14:00:47","guid":{"rendered":"http:\/\/camiloaldaoweb.com.ar\/Guia\/?page_id=5222"},"modified":"2022-10-20T19:41:08","modified_gmt":"2022-10-20T22:41:08","slug":"medicos-enfermeria-emergencias","status":"publish","type":"page","link":"https:\/\/camiloaldaoweb.com.ar\/Guia\/?page_id=5222","title":{"rendered":"Medicos, enfermeria, Mutual"},"content":{"rendered":"\t\t<div data-elementor-type=\"wp-page\" data-elementor-id=\"5222\" class=\"elementor elementor-5222\" data-elementor-post-type=\"page\">\n\t\t\t\t\t\t<section class=\"elementor-section elementor-top-section elementor-element elementor-element-3913eced elementor-section-boxed elementor-section-height-default elementor-section-height-default\" data-id=\"3913eced\" data-element_type=\"section\" data-e-type=\"section\">\n\t\t\t\t\t\t<div class=\"elementor-container elementor-column-gap-default\">\n\t\t\t\t\t<div class=\"elementor-column elementor-col-100 elementor-top-column elementor-element elementor-element-37387a4b\" data-id=\"37387a4b\" data-element_type=\"column\" data-e-type=\"column\" data-settings=\"{&quot;background_background&quot;:&quot;classic&quot;}\">\n\t\t\t<div class=\"elementor-widget-wrap\">\n\t\t\t\t\t\t\t<\/div>\n\t\t<\/div>\n\t\t\t\t\t<\/div>\n\t\t<\/section>\n\t\t\t\t<section class=\"elementor-section elementor-top-section elementor-element elementor-element-5db7000 elementor-section-boxed elementor-section-height-default elementor-section-height-default\" data-id=\"5db7000\" data-element_type=\"section\" data-e-type=\"section\">\n\t\t\t\t\t\t<div class=\"elementor-container elementor-column-gap-default\">\n\t\t\t\t\t<div class=\"elementor-column elementor-col-50 elementor-top-column elementor-element elementor-element-29228c81\" data-id=\"29228c81\" data-element_type=\"column\" data-e-type=\"column\">\n\t\t\t<div class=\"elementor-widget-wrap elementor-element-populated\">\n\t\t\t\t\t\t<div class=\"elementor-element elementor-element-4a44d171 elementor-widget elementor-widget-text-editor\" data-id=\"4a44d171\" data-element_type=\"widget\" data-e-type=\"widget\" data-widget_type=\"text-editor.default\">\n\t\t\t\t\t\t\t\t\t<h1>Claudia Flores<\/h1>\n<h6>Masajes descontracturantes, relajantes, digestivos.<\/h6>\n<h6>Tratamientos con aur\u00edculoterapia para adelgazar y dejar de fumar naturalmente, sin ansiedad, sin esfuerzo, equilibrando el sistema nervioso y eliminando dolores.<\/h6>\n<h6>Tratamientos de Hinchaz\u00f3n de piernas, mejor\u00eda de la circulaci\u00f3n.<br \/>Mejor\u00e1 el aspecto de tu piel con nuestros tratamientos.<br \/>Tambien realizamos acupuntura moxa ventosa.<\/h6>\n<h3>Eureka masajes \u2013 Claudia Flores<\/h3>\n<h3>Reserv\u00e1 tu turno al 15416300<\/h3>\t\t\t\t\t\t\t\t<\/div>\n\t\t\t\t<section class=\"elementor-section elementor-inner-section elementor-element elementor-element-449c7f8a elementor-section-boxed elementor-section-height-default elementor-section-height-default\" data-id=\"449c7f8a\" data-element_type=\"section\" data-e-type=\"section\">\n\t\t\t\t\t\t<div class=\"elementor-container elementor-column-gap-default\">\n\t\t\t\t\t<div class=\"elementor-column elementor-col-50 elementor-inner-column elementor-element elementor-element-470ff7b3\" data-id=\"470ff7b3\" data-element_type=\"column\" data-e-type=\"column\">\n\t\t\t<div class=\"elementor-widget-wrap elementor-element-populated\">\n\t\t\t\t\t\t<div class=\"elementor-element elementor-element-3dd0f945 elementor-widget elementor-widget-button\" data-id=\"3dd0f945\" data-element_type=\"widget\" data-e-type=\"widget\" data-widget_type=\"button.default\">\n\t\t\t\t\t\t\t\t\t\t<a class=\"elementor-button elementor-button-link elementor-size-xl\" href=\"https:\/\/wa.me\/5493468416300\">\n\t\t\t\t\t\t<span class=\"elementor-button-content-wrapper\">\n\t\t\t\t\t\t<span class=\"elementor-button-icon\">\n\t\t\t\t<svg aria-hidden=\"true\" class=\"e-font-icon-svg e-fab-whatsapp\" viewBox=\"0 0 448 512\" xmlns=\"http:\/\/www.w3.org\/2000\/svg\"><path d=\"M380.9 97.1C339 55.1 283.2 32 223.9 32c-122.4 0-222 99.6-222 222 0 39.1 10.2 77.3 29.6 111L0 480l117.7-30.9c32.4 17.7 68.9 27 106.1 27h.1c122.3 0 224.1-99.6 224.1-222 0-59.3-25.2-115-67.1-157zm-157 341.6c-33.2 0-65.7-8.9-94-25.7l-6.7-4-69.8 18.3L72 359.2l-4.4-7c-18.5-29.4-28.2-63.3-28.2-98.2 0-101.7 82.8-184.5 184.6-184.5 49.3 0 95.6 19.2 130.4 54.1 34.8 34.9 56.2 81.2 56.1 130.5 0 101.8-84.9 184.6-186.6 184.6zm101.2-138.2c-5.5-2.8-32.8-16.2-37.9-18-5.1-1.9-8.8-2.8-12.5 2.8-3.7 5.6-14.3 18-17.6 21.8-3.2 3.7-6.5 4.2-12 1.4-32.6-16.3-54-29.1-75.5-66-5.7-9.8 5.7-9.1 16.3-30.3 1.8-3.7.9-6.9-.5-9.7-1.4-2.8-12.5-30.1-17.1-41.2-4.5-10.8-9.1-9.3-12.5-9.5-3.2-.2-6.9-.2-10.6-.2-3.7 0-9.7 1.4-14.8 6.9-5.1 5.6-19.4 19-19.4 46.3 0 27.3 19.9 53.7 22.6 57.4 2.8 3.7 39.1 59.7 94.8 83.8 35.2 15.2 49 16.5 66.6 13.9 10.7-1.6 32.8-13.4 37.4-26.4 4.6-13 4.6-24.1 3.2-26.4-1.3-2.5-5-3.9-10.5-6.6z\"><\/path><\/svg>\t\t\t<\/span>\n\t\t\t\t\t\t\t\t\t<span class=\"elementor-button-text\">WhatsApp<\/span>\n\t\t\t\t\t<\/span>\n\t\t\t\t\t<\/a>\n\t\t\t\t\t\t\t\t<\/div>\n\t\t\t\t\t<\/div>\n\t\t<\/div>\n\t\t\t\t<div class=\"elementor-column elementor-col-50 elementor-inner-column elementor-element elementor-element-7f81ff50\" data-id=\"7f81ff50\" data-element_type=\"column\" data-e-type=\"column\">\n\t\t\t<div class=\"elementor-widget-wrap elementor-element-populated\">\n\t\t\t\t\t\t<div class=\"elementor-element elementor-element-4421d456 elementor-widget elementor-widget-button\" data-id=\"4421d456\" data-element_type=\"widget\" data-e-type=\"widget\" data-widget_type=\"button.default\">\n\t\t\t\t\t\t\t\t\t\t<a class=\"elementor-button elementor-button-link elementor-size-xl\" href=\"https:\/\/www.facebook.com\/profile.php?id=100008483508230\">\n\t\t\t\t\t\t<span class=\"elementor-button-content-wrapper\">\n\t\t\t\t\t\t<span class=\"elementor-button-icon\">\n\t\t\t\t<svg aria-hidden=\"true\" class=\"e-font-icon-svg e-fab-facebook\" viewBox=\"0 0 512 512\" xmlns=\"http:\/\/www.w3.org\/2000\/svg\"><path d=\"M504 256C504 119 393 8 256 8S8 119 8 256c0 123.78 90.69 226.38 209.25 245V327.69h-63V256h63v-54.64c0-62.15 37-96.48 93.67-96.48 27.14 0 55.52 4.84 55.52 4.84v61h-31.28c-30.8 0-40.41 19.12-40.41 38.73V256h68.78l-11 71.69h-57.78V501C413.31 482.38 504 379.78 504 256z\"><\/path><\/svg>\t\t\t<\/span>\n\t\t\t\t\t\t\t\t\t<span class=\"elementor-button-text\">FACEBOOK<\/span>\n\t\t\t\t\t<\/span>\n\t\t\t\t\t<\/a>\n\t\t\t\t\t\t\t\t<\/div>\n\t\t\t\t\t<\/div>\n\t\t<\/div>\n\t\t\t\t\t<\/div>\n\t\t<\/section>\n\t\t\t\t\t<\/div>\n\t\t<\/div>\n\t\t\t\t<div class=\"elementor-column elementor-col-50 elementor-top-column elementor-element elementor-element-e2344b1\" data-id=\"e2344b1\" data-element_type=\"column\" data-e-type=\"column\">\n\t\t\t<div class=\"elementor-widget-wrap elementor-element-populated\">\n\t\t\t\t\t\t<div class=\"elementor-element elementor-element-60e6fb73 elementor-widget elementor-widget-image\" data-id=\"60e6fb73\" data-element_type=\"widget\" data-e-type=\"widget\" data-widget_type=\"image.default\">\n\t\t\t\t\t\t\t\t\t\t\t\t\t\t\t<img decoding=\"async\" src=\"http:\/\/camiloaldaoweb.com.ar\/Guia\/wp-content\/uploads\/2019\/02\/EUREKA-MASAJES-CLAUDIA-FLORES.gif\" title=\"\" alt=\"\" loading=\"lazy\" \/>\t\t\t\t\t\t\t\t\t\t\t\t\t\t\t<\/div>\n\t\t\t\t\t<\/div>\n\t\t<\/div>\n\t\t\t\t\t<\/div>\n\t\t<\/section>\n\t\t\t\t<section class=\"elementor-section elementor-top-section elementor-element elementor-element-79753b5e elementor-section-boxed elementor-section-height-default elementor-section-height-default\" data-id=\"79753b5e\" data-element_type=\"section\" data-e-type=\"section\">\n\t\t\t\t\t\t<div class=\"elementor-container elementor-column-gap-default\">\n\t\t\t\t\t<div class=\"elementor-column elementor-col-100 elementor-top-column elementor-element elementor-element-76f6222d\" data-id=\"76f6222d\" data-element_type=\"column\" data-e-type=\"column\">\n\t\t\t<div class=\"elementor-widget-wrap elementor-element-populated\">\n\t\t\t\t\t\t<div class=\"elementor-element elementor-element-3442ede6 elementor-widget elementor-widget-text-editor\" data-id=\"3442ede6\" data-element_type=\"widget\" data-e-type=\"widget\" data-widget_type=\"text-editor.default\">\n\t\t\t\t\t\t\t\t\t<h3 style=\"text-align: center;\">\u00a0<\/h3>\n<table border=\"0\" width=\"468\" align=\"center\" bgcolor=\"#FFFFFF\">\n<tbody>\n<tr>\n<td bgcolor=\"#FFFFFF\">\n<div align=\"center\"><script type=\"text\/javascript\"><!-- google_ad_client = \"ca-pub-3325158522708718\"; \/* 468x60, creado 1\/07\/11 *\/ google_ad_slot = \"6254231567\"; google_ad_width = 468; google_ad_height = 60; \/\/--><br \/>\n<\/script><br \/><script type=\"text\/javascript\" src=\"http:\/\/pagead2.googlesyndication.com\/pagead\/show_ads.js\"><br \/>\n<\/script><\/div>\n<\/td>\n<\/tr>\n<\/tbody>\n<\/table>\n\n<p class=\"has-medium-font-size\" style=\"text-align: center;\"><strong>MUTUAL GRUPO ALIANZA MEDICA<\/strong> <br \/>Casa Central Rosario<br \/>En Camilo Aldao: Marcela Diale de Cena<br \/><strong>Telefono: 15539663<\/strong><br \/><img fetchpriority=\"high\" decoding=\"async\" width=\"300\" height=\"257\" class=\"wp-image-6785\" style=\"width: 300px;\" src=\"http:\/\/camiloaldaoweb.com.ar\/Guia\/wp-content\/uploads\/2019\/08\/alianza.jpg\" alt=\"\" srcset=\"https:\/\/camiloaldaoweb.com.ar\/Guia\/wp-content\/uploads\/2019\/08\/alianza.jpg 350w, https:\/\/camiloaldaoweb.com.ar\/Guia\/wp-content\/uploads\/2019\/08\/alianza-300x257.jpg 300w\" sizes=\"(max-width: 300px) 100vw, 300px\" \/><\/p>\n\n<p>\u00a0<\/p>\n\t\t\t\t\t\t\t\t<\/div>\n\t\t\t\t\t<\/div>\n\t\t<\/div>\n\t\t\t\t\t<\/div>\n\t\t<\/section>\n\t\t\t\t<section class=\"elementor-section elementor-top-section elementor-element elementor-element-4d015c6c elementor-section-boxed elementor-section-height-default elementor-section-height-default\" data-id=\"4d015c6c\" data-element_type=\"section\" data-e-type=\"section\" data-settings=\"{&quot;background_background&quot;:&quot;gradient&quot;}\">\n\t\t\t\t\t\t<div class=\"elementor-container elementor-column-gap-default\">\n\t\t\t\t\t<div class=\"elementor-column elementor-col-100 elementor-top-column elementor-element elementor-element-642fea8f\" data-id=\"642fea8f\" data-element_type=\"column\" data-e-type=\"column\">\n\t\t\t<div class=\"elementor-widget-wrap elementor-element-populated\">\n\t\t\t\t\t\t<div class=\"elementor-element elementor-element-1410dcd7 elementor-widget elementor-widget-text-editor\" data-id=\"1410dcd7\" data-element_type=\"widget\" data-e-type=\"widget\" data-widget_type=\"text-editor.default\">\n\t\t\t\t\t\t\t\t\t<h1 style=\"text-align: center;\"><span style=\"color: #000000;\"><strong><span style=\"text-decoration: underline;\">IMPORTANTE: <\/span><br \/><\/strong><\/span><\/h1>\n<h3><span style=\"color: #000000;\"><strong>PARA PUBLICAR EN ESTA GUIA ES GRATUITO SOLO SI TIENES PAUTA PUBLICITARIA CON ALGUN SERVICIO DE DOSMILproducciones O RADIO 2000 FM <a href=\"https:\/\/www.radio2000camilo.com.ar\/wp\">www.radio2000camilo.com.ar<\/a> .<br \/><\/strong><\/span><\/h3>\n<p><strong><span style=\"color: #ffffff;\">DE OTRA MANERA SOLO PODR\u00c1S PUBLICAR ABONANDO EL MONTO POR CADA TIPO DE COMERCIAL O CLASIFICADO.<\/span><\/strong><\/p>\n<p><strong><span style=\"color: #ffffff;\">COMUNICATE CON NUESTRA \u00c1REA DE ADMINISTRACI\u00d3N: 03468-401860<\/span><\/strong><\/p>\t\t\t\t\t\t\t\t<\/div>\n\t\t\t\t<div class=\"elementor-element elementor-element-79e9137e elementor-align-center elementor-widget elementor-widget-button\" data-id=\"79e9137e\" data-element_type=\"widget\" data-e-type=\"widget\" data-widget_type=\"button.default\">\n\t\t\t\t\t\t\t\t\t\t<a class=\"elementor-button elementor-button-link elementor-size-xl\" href=\"https:\/\/wa.me\/5493468560087\">\n\t\t\t\t\t\t<span class=\"elementor-button-content-wrapper\">\n\t\t\t\t\t\t<span class=\"elementor-button-icon\">\n\t\t\t\t<svg aria-hidden=\"true\" class=\"e-font-icon-svg e-fab-whatsapp-square\" viewBox=\"0 0 448 512\" xmlns=\"http:\/\/www.w3.org\/2000\/svg\"><path d=\"M224 122.8c-72.7 0-131.8 59.1-131.9 131.8 0 24.9 7 49.2 20.2 70.1l3.1 5-13.3 48.6 49.9-13.1 4.8 2.9c20.2 12 43.4 18.4 67.1 18.4h.1c72.6 0 133.3-59.1 133.3-131.8 0-35.2-15.2-68.3-40.1-93.2-25-25-58-38.7-93.2-38.7zm77.5 188.4c-3.3 9.3-19.1 17.7-26.7 18.8-12.6 1.9-22.4.9-47.5-9.9-39.7-17.2-65.7-57.2-67.7-59.8-2-2.6-16.2-21.5-16.2-41s10.2-29.1 13.9-33.1c3.6-4 7.9-5 10.6-5 2.6 0 5.3 0 7.6.1 2.4.1 5.7-.9 8.9 6.8 3.3 7.9 11.2 27.4 12.2 29.4s1.7 4.3.3 6.9c-7.6 15.2-15.7 14.6-11.6 21.6 15.3 26.3 30.6 35.4 53.9 47.1 4 2 6.3 1.7 8.6-1 2.3-2.6 9.9-11.6 12.5-15.5 2.6-4 5.3-3.3 8.9-2 3.6 1.3 23.1 10.9 27.1 12.9s6.6 3 7.6 4.6c.9 1.9.9 9.9-2.4 19.1zM400 32H48C21.5 32 0 53.5 0 80v352c0 26.5 21.5 48 48 48h352c26.5 0 48-21.5 48-48V80c0-26.5-21.5-48-48-48zM223.9 413.2c-26.6 0-52.7-6.7-75.8-19.3L64 416l22.5-82.2c-13.9-24-21.2-51.3-21.2-79.3C65.4 167.1 136.5 96 223.9 96c42.4 0 82.2 16.5 112.2 46.5 29.9 30 47.9 69.8 47.9 112.2 0 87.4-72.7 158.5-160.1 158.5z\"><\/path><\/svg>\t\t\t<\/span>\n\t\t\t\t\t\t\t\t<\/span>\n\t\t\t\t\t<\/a>\n\t\t\t\t\t\t\t\t<\/div>\n\t\t\t\t<div class=\"elementor-element elementor-element-2ae55603 elementor-widget elementor-widget-image\" data-id=\"2ae55603\" data-element_type=\"widget\" data-e-type=\"widget\" data-widget_type=\"image.default\">\n\t\t\t\t\t\t\t\t\t\t\t\t\t\t\t<img decoding=\"async\" width=\"163\" height=\"40\" src=\"https:\/\/camiloaldaoweb.com.ar\/Guia\/wp-content\/uploads\/2020\/05\/logo-21.png\" class=\"attachment-full size-full wp-image-7448\" alt=\"\" \/>\t\t\t\t\t\t\t\t\t\t\t\t\t\t\t<\/div>\n\t\t\t\t\t<\/div>\n\t\t<\/div>\n\t\t\t\t\t<\/div>\n\t\t<\/section>\n\t\t\t\t<\/div>\n\t\t","protected":false},"excerpt":{"rendered":"<p>Claudia Flores Masajes descontracturantes, relajantes, digestivos. Tratamientos con aur\u00edculoterapia para adelgazar y dejar de fumar naturalmente, sin ansiedad, sin esfuerzo, [&hellip;]<\/p>\n","protected":false},"author":1,"featured_media":0,"parent":0,"menu_order":0,"comment_status":"closed","ping_status":"closed","template":"","meta":{"footnotes":""},"class_list":["post-5222","page","type-page","status-publish","hentry"],"_links":{"self":[{"href":"https:\/\/camiloaldaoweb.com.ar\/Guia\/index.php?rest_route=\/wp\/v2\/pages\/5222","targetHints":{"allow":["GET"]}}],"collection":[{"href":"https:\/\/camiloaldaoweb.com.ar\/Guia\/index.php?rest_route=\/wp\/v2\/pages"}],"about":[{"href":"https:\/\/camiloaldaoweb.com.ar\/Guia\/index.php?rest_route=\/wp\/v2\/types\/page"}],"author":[{"embeddable":true,"href":"https:\/\/camiloaldaoweb.com.ar\/Guia\/index.php?rest_route=\/wp\/v2\/users\/1"}],"replies":[{"embeddable":true,"href":"https:\/\/camiloaldaoweb.com.ar\/Guia\/index.php?rest_route=%2Fwp%2Fv2%2Fcomments&post=5222"}],"version-history":[{"count":12,"href":"https:\/\/camiloaldaoweb.com.ar\/Guia\/index.php?rest_route=\/wp\/v2\/pages\/5222\/revisions"}],"predecessor-version":[{"id":8694,"href":"https:\/\/camiloaldaoweb.com.ar\/Guia\/index.php?rest_route=\/wp\/v2\/pages\/5222\/revisions\/8694"}],"wp:attachment":[{"href":"https:\/\/camiloaldaoweb.com.ar\/Guia\/index.php?rest_route=%2Fwp%2Fv2%2Fmedia&parent=5222"}],"curies":[{"name":"wp","href":"https:\/\/api.w.org\/{rel}","templated":true}]}}