{"id":42,"date":"2013-05-21T19:48:36","date_gmt":"2013-05-21T22:48:36","guid":{"rendered":"http:\/\/camiloaldaoweb.com.ar\/Guia\/?page_id=42"},"modified":"2017-03-01T09:45:46","modified_gmt":"2017-03-01T12:45:46","slug":"herramientas-y-maquinarias","status":"publish","type":"page","link":"https:\/\/camiloaldaoweb.com.ar\/Guia\/?page_id=42","title":{"rendered":"Herramientas y maquinarias"},"content":{"rendered":"<h3><img decoding=\"async\" class=\"alignleft\" src=\"https:\/\/img.classistatic.com\/crop\/200x150\/i.ebayimg.com\/00\/s\/ODAwWDU2OA==\/z\/kdMAAOSwmLlX4Avm\/$_19.JPG\" alt=\"https:\/\/img.classistatic.com\/crop\/200x150\/i.ebayimg.com\/00\/s\/ODAwWDU2OA==\/z\/kdMAAOSwmLlX4Avm\/$_19.JPG\" width=\"237\" height=\"178\" \/><strong>Estaci\u00f3n Sur Rodados de Luis Fantin<\/strong><\/h3>\n<p>Te presenta toda la linea de grupos electr\u00f3genos <strong>MOTOMEL<\/strong> a la medida de tus necesidades. <strong>Estaci\u00f3n Sur Rodados<\/strong> tiene el mejor precio, la mejor financiaci\u00f3n en cuotas fijas hasta en 18 pagos y adem\u00e1s, con la garantia de <strong>MOTOMEL y Estaci\u00f3n Sur Rodados.<\/strong><\/p>\n<p>Ademas, Estaci\u00f3n Sur Rodados te ofrece toda la linea de desmalezadoras, compresores de aire, sopladoras, cortadoras de c\u00e9sped, aspiradoras y toda la linea MOTOMEL<\/p>\n<table border=\"0\" width=\"200\" align=\"center\">\n<tbody>\n<tr>\n<td>\n<div align=\"center\"><script type=\"text\/javascript\">\/\/ <![CDATA[ google_ad_client = \"ca-pub-3325158522708718\"; \/* 728x90, creado 5\/03\/10 *\/ google_ad_slot = \"5826579187\"; google_ad_width = 728; google_ad_height = 90; \/\/ ]]><\/script><br \/>\n<script type=\"text\/javascript\" src=\"http:\/\/pagead2.googlesyndication.com\/pagead\/show_ads.js\">\/\/ <![CDATA[ \/\/ ]]><\/script><\/div>\n<\/td>\n<\/tr>\n<\/tbody>\n<\/table>\n","protected":false},"excerpt":{"rendered":"<p>Estaci\u00f3n Sur Rodados de Luis Fantin Te presenta toda la linea de grupos electr\u00f3genos MOTOMEL a la medida de tus [&hellip;]<\/p>\n","protected":false},"author":1,"featured_media":0,"parent":0,"menu_order":0,"comment_status":"open","ping_status":"closed","template":"","meta":{"footnotes":""},"class_list":["post-42","page","type-page","status-publish","hentry"],"_links":{"self":[{"href":"https:\/\/camiloaldaoweb.com.ar\/Guia\/index.php?rest_route=\/wp\/v2\/pages\/42","targetHints":{"allow":["GET"]}}],"collection":[{"href":"https:\/\/camiloaldaoweb.com.ar\/Guia\/index.php?rest_route=\/wp\/v2\/pages"}],"about":[{"href":"https:\/\/camiloaldaoweb.com.ar\/Guia\/index.php?rest_route=\/wp\/v2\/types\/page"}],"author":[{"embeddable":true,"href":"https:\/\/camiloaldaoweb.com.ar\/Guia\/index.php?rest_route=\/wp\/v2\/users\/1"}],"replies":[{"embeddable":true,"href":"https:\/\/camiloaldaoweb.com.ar\/Guia\/index.php?rest_route=%2Fwp%2Fv2%2Fcomments&post=42"}],"version-history":[{"count":5,"href":"https:\/\/camiloaldaoweb.com.ar\/Guia\/index.php?rest_route=\/wp\/v2\/pages\/42\/revisions"}],"predecessor-version":[{"id":5108,"href":"https:\/\/camiloaldaoweb.com.ar\/Guia\/index.php?rest_route=\/wp\/v2\/pages\/42\/revisions\/5108"}],"wp:attachment":[{"href":"https:\/\/camiloaldaoweb.com.ar\/Guia\/index.php?rest_route=%2Fwp%2Fv2%2Fmedia&parent=42"}],"curies":[{"name":"wp","href":"https:\/\/api.w.org\/{rel}","templated":true}]}}