{"id":142,"date":"2013-05-23T18:25:02","date_gmt":"2013-05-23T21:25:02","guid":{"rendered":"http:\/\/camiloaldaoweb.com.ar\/Guia\/?page_id=142"},"modified":"2024-10-31T11:27:19","modified_gmt":"2024-10-31T14:27:19","slug":"bares-cafe-y-pubs","status":"publish","type":"page","link":"https:\/\/camiloaldaoweb.com.ar\/Guia\/?page_id=142","title":{"rendered":"Bar, Caf\u00e9 , Comedor y Pubs"},"content":{"rendered":"\t\t<div data-elementor-type=\"wp-page\" data-elementor-id=\"142\" class=\"elementor elementor-142\" data-elementor-post-type=\"page\">\n\t\t\t\t\t\t<section class=\"elementor-section elementor-top-section elementor-element elementor-element-31cf7d08 elementor-section-boxed elementor-section-height-default elementor-section-height-default\" data-id=\"31cf7d08\" data-element_type=\"section\" data-e-type=\"section\">\n\t\t\t\t\t\t<div class=\"elementor-container elementor-column-gap-default\">\n\t\t\t\t\t<div class=\"elementor-column elementor-col-100 elementor-top-column elementor-element elementor-element-45d28762\" data-id=\"45d28762\" data-element_type=\"column\" data-e-type=\"column\" data-settings=\"{&quot;background_background&quot;:&quot;classic&quot;}\">\n\t\t\t<div class=\"elementor-widget-wrap\">\n\t\t\t\t\t\t\t<\/div>\n\t\t<\/div>\n\t\t\t\t\t<\/div>\n\t\t<\/section>\n\t\t\t\t<section class=\"elementor-section elementor-top-section elementor-element elementor-element-d103983 elementor-section-boxed elementor-section-height-default elementor-section-height-default\" data-id=\"d103983\" data-element_type=\"section\" data-e-type=\"section\">\n\t\t\t\t\t\t<div class=\"elementor-container elementor-column-gap-default\">\n\t\t\t\t\t<div class=\"elementor-column elementor-col-50 elementor-top-column elementor-element elementor-element-44748cba\" data-id=\"44748cba\" data-element_type=\"column\" data-e-type=\"column\">\n\t\t\t<div class=\"elementor-widget-wrap elementor-element-populated\">\n\t\t\t\t\t\t<div class=\"elementor-element elementor-element-5fb55a1 elementor-widget elementor-widget-text-editor\" data-id=\"5fb55a1\" data-element_type=\"widget\" data-e-type=\"widget\" data-widget_type=\"text-editor.default\">\n\t\t\t\t\t\t\t\t\t<p style=\"text-align: center;\"><b>RESTO BAR &#8220;MARIA JUANA&#8221;<\/b><\/p><p style=\"text-align: center;\">Men\u00fa ejecutivo los mediod\u00eda. T<span style=\"font-family: var( --e-global-typography-text-font-family ), Sans-serif;\">odo en sandwicheria y comidas al plato.<\/span><\/p><p style=\"text-align: center;\">Men\u00fa especial para los s\u00e1bados por la noche<\/p><p style=\"text-align: center;\"><span style=\"font-family: var( --e-global-typography-text-font-family ), Sans-serif;\">Estamos ubicados en la Estac\u00f3n de servicios YPF\u00a0<\/span><\/p><p style=\"text-align: center;\"><b>HACEMOS DELIVERY TODOS LOS D\u00cdAS<\/b><\/p><p style=\"text-align: center;\"><b>TEL: 401199<\/b><\/p><p style=\"text-align: center;\">\u00a0<\/p>\t\t\t\t\t\t\t\t<\/div>\n\t\t\t\t\t<\/div>\n\t\t<\/div>\n\t\t\t\t<div class=\"elementor-column elementor-col-50 elementor-top-column elementor-element elementor-element-9bfd742\" data-id=\"9bfd742\" data-element_type=\"column\" data-e-type=\"column\">\n\t\t\t<div class=\"elementor-widget-wrap elementor-element-populated\">\n\t\t\t\t\t\t<div class=\"elementor-element elementor-element-17db4052 elementor-widget elementor-widget-image\" data-id=\"17db4052\" data-element_type=\"widget\" data-e-type=\"widget\" data-widget_type=\"image.default\">\n\t\t\t\t\t\t\t\t\t\t\t\t\t\t\t<img fetchpriority=\"high\" decoding=\"async\" width=\"567\" height=\"480\" src=\"https:\/\/camiloaldaoweb.com.ar\/Guia\/wp-content\/uploads\/2024\/10\/foto-maria-juana-1.webp\" class=\"attachment-large size-large wp-image-9330\" alt=\"\" srcset=\"https:\/\/camiloaldaoweb.com.ar\/Guia\/wp-content\/uploads\/2024\/10\/foto-maria-juana-1.webp 567w, https:\/\/camiloaldaoweb.com.ar\/Guia\/wp-content\/uploads\/2024\/10\/foto-maria-juana-1-300x254.webp 300w\" sizes=\"(max-width: 567px) 100vw, 567px\" \/>\t\t\t\t\t\t\t\t\t\t\t\t\t\t\t<\/div>\n\t\t\t\t\t<\/div>\n\t\t<\/div>\n\t\t\t\t\t<\/div>\n\t\t<\/section>\n\t\t\t\t<section class=\"elementor-section elementor-top-section elementor-element elementor-element-55e1baac elementor-section-boxed elementor-section-height-default elementor-section-height-default\" data-id=\"55e1baac\" data-element_type=\"section\" data-e-type=\"section\" data-settings=\"{&quot;background_background&quot;:&quot;gradient&quot;}\">\n\t\t\t\t\t\t<div class=\"elementor-container elementor-column-gap-default\">\n\t\t\t\t\t<div class=\"elementor-column elementor-col-100 elementor-top-column elementor-element elementor-element-2acec740\" data-id=\"2acec740\" data-element_type=\"column\" data-e-type=\"column\">\n\t\t\t<div class=\"elementor-widget-wrap elementor-element-populated\">\n\t\t\t\t\t\t<div class=\"elementor-element elementor-element-3666b81f elementor-widget elementor-widget-text-editor\" data-id=\"3666b81f\" data-element_type=\"widget\" data-e-type=\"widget\" data-widget_type=\"text-editor.default\">\n\t\t\t\t\t\t\t\t\t<h1 style=\"text-align: center;\"><span style=\"color: #000000;\"><strong><span style=\"text-decoration: underline;\">IMPORTANTE: <\/span><br \/><\/strong><\/span><\/h1>\n<h3><span style=\"color: #000000;\"><strong>PARA PUBLICAR EN ESTA GUIA ES GRATUITO SOLO SI TIENES PAUTA PUBLICITARIA CON ALGUN SERVICIO DE DOSMILproducciones O RADIO 2000 FM <a href=\"https:\/\/www.radio2000camilo.com.ar\/wp\">www.radio2000camilo.com.ar<\/a> .<br \/><\/strong><\/span><\/h3>\n<p><strong><span style=\"color: #ffffff;\">DE OTRA MANERA SOLO PODR\u00c1S PUBLICAR ABONANDO EL MONTO POR CADA TIPO DE COMERCIAL O CLASIFICADO.<\/span><\/strong><\/p>\n<p><strong><span style=\"color: #ffffff;\">COMUNICATE CON NUESTRA \u00c1REA DE ADMINISTRACI\u00d3N: 03468-401860<\/span><\/strong><\/p>\t\t\t\t\t\t\t\t<\/div>\n\t\t\t\t<div class=\"elementor-element elementor-element-83f8827 elementor-align-center elementor-widget elementor-widget-button\" data-id=\"83f8827\" data-element_type=\"widget\" data-e-type=\"widget\" data-widget_type=\"button.default\">\n\t\t\t\t\t\t\t\t\t\t<a class=\"elementor-button elementor-button-link elementor-size-xl\" href=\"https:\/\/wa.me\/5493468560087\">\n\t\t\t\t\t\t<span class=\"elementor-button-content-wrapper\">\n\t\t\t\t\t\t<span class=\"elementor-button-icon\">\n\t\t\t\t<svg aria-hidden=\"true\" class=\"e-font-icon-svg e-fab-whatsapp-square\" viewBox=\"0 0 448 512\" xmlns=\"http:\/\/www.w3.org\/2000\/svg\"><path d=\"M224 122.8c-72.7 0-131.8 59.1-131.9 131.8 0 24.9 7 49.2 20.2 70.1l3.1 5-13.3 48.6 49.9-13.1 4.8 2.9c20.2 12 43.4 18.4 67.1 18.4h.1c72.6 0 133.3-59.1 133.3-131.8 0-35.2-15.2-68.3-40.1-93.2-25-25-58-38.7-93.2-38.7zm77.5 188.4c-3.3 9.3-19.1 17.7-26.7 18.8-12.6 1.9-22.4.9-47.5-9.9-39.7-17.2-65.7-57.2-67.7-59.8-2-2.6-16.2-21.5-16.2-41s10.2-29.1 13.9-33.1c3.6-4 7.9-5 10.6-5 2.6 0 5.3 0 7.6.1 2.4.1 5.7-.9 8.9 6.8 3.3 7.9 11.2 27.4 12.2 29.4s1.7 4.3.3 6.9c-7.6 15.2-15.7 14.6-11.6 21.6 15.3 26.3 30.6 35.4 53.9 47.1 4 2 6.3 1.7 8.6-1 2.3-2.6 9.9-11.6 12.5-15.5 2.6-4 5.3-3.3 8.9-2 3.6 1.3 23.1 10.9 27.1 12.9s6.6 3 7.6 4.6c.9 1.9.9 9.9-2.4 19.1zM400 32H48C21.5 32 0 53.5 0 80v352c0 26.5 21.5 48 48 48h352c26.5 0 48-21.5 48-48V80c0-26.5-21.5-48-48-48zM223.9 413.2c-26.6 0-52.7-6.7-75.8-19.3L64 416l22.5-82.2c-13.9-24-21.2-51.3-21.2-79.3C65.4 167.1 136.5 96 223.9 96c42.4 0 82.2 16.5 112.2 46.5 29.9 30 47.9 69.8 47.9 112.2 0 87.4-72.7 158.5-160.1 158.5z\"><\/path><\/svg>\t\t\t<\/span>\n\t\t\t\t\t\t\t\t<\/span>\n\t\t\t\t\t<\/a>\n\t\t\t\t\t\t\t\t<\/div>\n\t\t\t\t<div class=\"elementor-element elementor-element-600430d6 elementor-widget elementor-widget-image\" data-id=\"600430d6\" data-element_type=\"widget\" data-e-type=\"widget\" data-widget_type=\"image.default\">\n\t\t\t\t\t\t\t\t\t\t\t\t\t\t\t<img decoding=\"async\" width=\"163\" height=\"40\" src=\"https:\/\/camiloaldaoweb.com.ar\/Guia\/wp-content\/uploads\/2020\/05\/logo-21.png\" class=\"attachment-full size-full wp-image-7448\" alt=\"\" \/>\t\t\t\t\t\t\t\t\t\t\t\t\t\t\t<\/div>\n\t\t\t\t\t<\/div>\n\t\t<\/div>\n\t\t\t\t\t<\/div>\n\t\t<\/section>\n\t\t\t\t<\/div>\n\t\t","protected":false},"excerpt":{"rendered":"<p>RESTO BAR &#8220;MARIA JUANA&#8221; Men\u00fa ejecutivo los mediod\u00eda. Todo en sandwicheria y comidas al plato. Men\u00fa especial para los s\u00e1bados [&hellip;]<\/p>\n","protected":false},"author":1,"featured_media":0,"parent":0,"menu_order":0,"comment_status":"closed","ping_status":"open","template":"","meta":{"footnotes":""},"class_list":["post-142","page","type-page","status-publish","hentry"],"_links":{"self":[{"href":"https:\/\/camiloaldaoweb.com.ar\/Guia\/index.php?rest_route=\/wp\/v2\/pages\/142","targetHints":{"allow":["GET"]}}],"collection":[{"href":"https:\/\/camiloaldaoweb.com.ar\/Guia\/index.php?rest_route=\/wp\/v2\/pages"}],"about":[{"href":"https:\/\/camiloaldaoweb.com.ar\/Guia\/index.php?rest_route=\/wp\/v2\/types\/page"}],"author":[{"embeddable":true,"href":"https:\/\/camiloaldaoweb.com.ar\/Guia\/index.php?rest_route=\/wp\/v2\/users\/1"}],"replies":[{"embeddable":true,"href":"https:\/\/camiloaldaoweb.com.ar\/Guia\/index.php?rest_route=%2Fwp%2Fv2%2Fcomments&post=142"}],"version-history":[{"count":21,"href":"https:\/\/camiloaldaoweb.com.ar\/Guia\/index.php?rest_route=\/wp\/v2\/pages\/142\/revisions"}],"predecessor-version":[{"id":9337,"href":"https:\/\/camiloaldaoweb.com.ar\/Guia\/index.php?rest_route=\/wp\/v2\/pages\/142\/revisions\/9337"}],"wp:attachment":[{"href":"https:\/\/camiloaldaoweb.com.ar\/Guia\/index.php?rest_route=%2Fwp%2Fv2%2Fmedia&parent=142"}],"curies":[{"name":"wp","href":"https:\/\/api.w.org\/{rel}","templated":true}]}}